{"id":84,"date":"2018-07-31T11:32:01","date_gmt":"2018-07-31T09:32:01","guid":{"rendered":"https:\/\/www.kia-holding.com\/?page_id=84"},"modified":"2018-10-25T11:52:56","modified_gmt":"2018-10-25T09:52:56","slug":"beteiligung-erneuerbare-energien","status":"publish","type":"page","link":"https:\/\/www.kia-holding.com\/pt\/aktivitaeten-weltweit\/beteiligung-erneuerbare-energien\/","title":{"rendered":"Participa\u00e7\u00e3o em energias renov\u00e1veis"},"content":{"rendered":"<p>Participamos de parques solares e e\u00f3licos existentes e rec\u00e9m-desenvolvidos, bem como de usinas hidrel\u00e9tricas<\/p>\n<p><strong>Geografia:<\/strong> nos pa\u00edses marcados no <a href=\"https:\/\/www.kia-holding.com\/pt\/aktivitaeten-weltweit\/\">mapa<\/a>.<\/p>\n<p><strong>Est\u00e1gio de desenvolvimento:<\/strong> locais existentes ou com desenvolvimento de projeto conclu\u00eddo (status pronto para constru\u00e7\u00e3o). Est\u00e3o dispon\u00edveis contratos de oferta padr\u00e3o com os respectivos documentos de compra estaduais ou de longo prazo com empresas com capacidade de obten\u00e7\u00e3o de cr\u00e9dito. Dura\u00e7\u00e3o de pelo menos 15 anos.<\/p>\n<p>Os seguintes documentos s\u00e3o necess\u00e1rios para uma verifica\u00e7\u00e3o preliminar:<\/p>\n<ul>\n<li>Localiza\u00e7\u00e3o do projeto<\/li>\n<li>Pot\u00eancia nominal<\/li>\n<li>Rendimento espec\u00edfico\/carga hor\u00e1ria<\/li>\n<li>Desenvolvedor\/empreiteiro<\/li>\n<li>Fabricante de componentes<\/li>\n<li>Rede el\u00e9trica\/progresso da constru\u00e7\u00e3o<\/li>\n<li>Pre\u00e7o de venda<\/li>\n<li>Rendimento da eletricidade de acordo com a opini\u00e3o de especialistas<\/li>\n<li>Pre\u00e7os de aquisi\u00e7\u00e3o<\/li>\n<li>Custos t\u00e9cnicos operacionais<\/li>\n<li>Custos do terreno ou do arrendamento<\/li>\n<li>Oferta de seguros<\/li>\n<li>Oferta de financiamento<\/li>\n<\/ul>\n","protected":false},"excerpt":{"rendered":"<p>Participamos de parques solares e e\u00f3licos existentes e rec\u00e9m-desenvolvidos, bem como de usinas hidrel\u00e9tricas Geografia: nos pa\u00edses marcados no mapa. Est\u00e1gio de desenvolvimento: locais existentes ou com desenvolvimento de projeto conclu\u00eddo (status pronto para constru\u00e7\u00e3o). Est\u00e3o dispon\u00edveis contratos de oferta padr\u00e3o com os respectivos documentos de compra estaduais ou de longo prazo com empresas com capacidade de obten\u00e7\u00e3o de cr\u00e9dito. Dura\u00e7\u00e3o de pelo menos 15 anos. Os seguintes documentos s\u00e3o necess\u00e1rios para uma verifica\u00e7\u00e3o preliminar: Localiza\u00e7\u00e3o do projeto Pot\u00eancia nominal&hellip;<\/p>\n","protected":false},"author":1,"featured_media":0,"parent":11,"menu_order":60,"comment_status":"closed","ping_status":"closed","template":"","meta":{"footnotes":""},"class_list":["post-84","page","type-page","status-publish","hentry"],"translation":{"provider":"WPGlobus","version":"3.0.2","language":"pt","enabled_languages":["de","en","es","pt"],"languages":{"de":{"title":true,"content":true,"excerpt":false},"en":{"title":true,"content":true,"excerpt":false},"es":{"title":true,"content":true,"excerpt":false},"pt":{"title":true,"content":true,"excerpt":false}}},"_links":{"self":[{"href":"https:\/\/www.kia-holding.com\/pt\/wp-json\/wp\/v2\/pages\/84","targetHints":{"allow":["GET"]}}],"collection":[{"href":"https:\/\/www.kia-holding.com\/pt\/wp-json\/wp\/v2\/pages"}],"about":[{"href":"https:\/\/www.kia-holding.com\/pt\/wp-json\/wp\/v2\/types\/page"}],"author":[{"embeddable":true,"href":"https:\/\/www.kia-holding.com\/pt\/wp-json\/wp\/v2\/users\/1"}],"replies":[{"embeddable":true,"href":"https:\/\/www.kia-holding.com\/pt\/wp-json\/wp\/v2\/comments?post=84"}],"version-history":[{"count":8,"href":"https:\/\/www.kia-holding.com\/pt\/wp-json\/wp\/v2\/pages\/84\/revisions"}],"predecessor-version":[{"id":263,"href":"https:\/\/www.kia-holding.com\/pt\/wp-json\/wp\/v2\/pages\/84\/revisions\/263"}],"up":[{"embeddable":true,"href":"https:\/\/www.kia-holding.com\/pt\/wp-json\/wp\/v2\/pages\/11"}],"wp:attachment":[{"href":"https:\/\/www.kia-holding.com\/pt\/wp-json\/wp\/v2\/media?parent=84"}],"curies":[{"name":"wp","href":"https:\/\/api.w.org\/{rel}","templated":true}]}}