{"id":80,"date":"2018-07-31T11:31:03","date_gmt":"2018-07-31T09:31:03","guid":{"rendered":"https:\/\/www.kia-holding.com\/?page_id=80"},"modified":"2018-10-25T11:49:51","modified_gmt":"2018-10-25T09:49:51","slug":"beteiligung-gesundheit","status":"publish","type":"page","link":"https:\/\/www.kia-holding.com\/pt\/aktivitaeten-weltweit\/beteiligung-gesundheit\/","title":{"rendered":"Sa\u00fade"},"content":{"rendered":"<p><strong>Geografia: <\/strong>sede na regi\u00e3o de l\u00edngua alem\u00e3 (regi\u00e3o DACH)<\/p>\n<p><strong>Est\u00e1gio de desenvolvimento:<\/strong> produtos comercializ\u00e1veis, por exemplo, primeiras vendas, prot\u00f3tipos aceitos e clientes de teste, dados de testes cl\u00ednicos dispon\u00edveis<\/p>\n<p><strong>Potencial de vendas:<\/strong> mercado dispon\u00edvel &gt; 250 milh\u00f5es de euros em todo o mundo, crescimento &gt; 5% ao ano. As vantagens do mercado e do produto permitem um r\u00e1pido crescimento das vendas: tamanho industrial (&gt; 10 milh\u00f5es de euros) alcan\u00e7\u00e1vel em cinco anos; mercado orientado para a inova\u00e7\u00e3o com alto potencial de benef\u00edcio ao cliente. Demanda do cliente j\u00e1 dispon\u00edvel<\/p>\n<p><strong>Potencial de ganhos:<\/strong> recupera\u00e7\u00e3o do investimento dentro de um curto per\u00edodo de tempo, idealmente em dois a tr\u00eas anos<\/p>\n<p><strong>Ind\u00fastria:<\/strong> Life Science<\/p>\n<ul>\n<li>Tecnologia m\u00e9dica<\/li>\n<li>Diagn\u00f3stico<\/li>\n<li>Biotecnologia\/farm\u00e1cia (sem desenvolvimento de medicamentos)<\/li>\n<li>Tecnologias aplicadas<\/li>\n<li>N\u00f3s n\u00e3o investimos em institutos de pesquisa ou desenvolvimento<\/li>\n<\/ul>\n<p><strong>Gest\u00e3o:<\/strong> excelente ocupa\u00e7\u00e3o em rela\u00e7\u00e3o a produto e tecnologia; fun\u00e7\u00f5es essenciais adicionais suficientes ou prontamente dispon\u00edveis, se necess\u00e1rio<\/p>\n","protected":false},"excerpt":{"rendered":"<p>Geografia: sede na regi\u00e3o de l\u00edngua alem\u00e3 (regi\u00e3o DACH) Est\u00e1gio de desenvolvimento: produtos comercializ\u00e1veis, por exemplo, primeiras vendas, prot\u00f3tipos aceitos e clientes de teste, dados de testes cl\u00ednicos dispon\u00edveis Potencial de vendas: mercado dispon\u00edvel &gt; 250 milh\u00f5es de euros em todo o mundo, crescimento &gt; 5% ao ano. As vantagens do mercado e do produto permitem um r\u00e1pido crescimento das vendas: tamanho industrial (&gt; 10 milh\u00f5es de euros) alcan\u00e7\u00e1vel em cinco anos; mercado orientado para a inova\u00e7\u00e3o com alto potencial&hellip;<\/p>\n","protected":false},"author":1,"featured_media":0,"parent":11,"menu_order":40,"comment_status":"closed","ping_status":"closed","template":"","meta":{"footnotes":""},"class_list":["post-80","page","type-page","status-publish","hentry"],"translation":{"provider":"WPGlobus","version":"3.0.2","language":"pt","enabled_languages":["de","en","es","pt"],"languages":{"de":{"title":true,"content":true,"excerpt":false},"en":{"title":true,"content":true,"excerpt":false},"es":{"title":true,"content":true,"excerpt":false},"pt":{"title":true,"content":true,"excerpt":false}}},"_links":{"self":[{"href":"https:\/\/www.kia-holding.com\/pt\/wp-json\/wp\/v2\/pages\/80","targetHints":{"allow":["GET"]}}],"collection":[{"href":"https:\/\/www.kia-holding.com\/pt\/wp-json\/wp\/v2\/pages"}],"about":[{"href":"https:\/\/www.kia-holding.com\/pt\/wp-json\/wp\/v2\/types\/page"}],"author":[{"embeddable":true,"href":"https:\/\/www.kia-holding.com\/pt\/wp-json\/wp\/v2\/users\/1"}],"replies":[{"embeddable":true,"href":"https:\/\/www.kia-holding.com\/pt\/wp-json\/wp\/v2\/comments?post=80"}],"version-history":[{"count":7,"href":"https:\/\/www.kia-holding.com\/pt\/wp-json\/wp\/v2\/pages\/80\/revisions"}],"predecessor-version":[{"id":262,"href":"https:\/\/www.kia-holding.com\/pt\/wp-json\/wp\/v2\/pages\/80\/revisions\/262"}],"up":[{"embeddable":true,"href":"https:\/\/www.kia-holding.com\/pt\/wp-json\/wp\/v2\/pages\/11"}],"wp:attachment":[{"href":"https:\/\/www.kia-holding.com\/pt\/wp-json\/wp\/v2\/media?parent=80"}],"curies":[{"name":"wp","href":"https:\/\/api.w.org\/{rel}","templated":true}]}}