{"id":78,"date":"2018-07-31T11:30:34","date_gmt":"2018-07-31T09:30:34","guid":{"rendered":"https:\/\/www.kia-holding.com\/?page_id=78"},"modified":"2018-10-25T11:43:40","modified_gmt":"2018-10-25T09:43:40","slug":"seniorenimmobilien","status":"publish","type":"page","link":"https:\/\/www.kia-holding.com\/pt\/aktivitaeten-weltweit\/seniorenimmobilien\/","title":{"rendered":"Propriedades voltadas ao p\u00fablico s\u00eanior"},"content":{"rendered":"<p><strong>Requisitos:<br \/>\n<\/strong><\/p>\n<ul>\n<li>Locais \u2013 Nos pa\u00edses marcados no <a href=\"https:\/\/www.kia-holding.com\/pt\/aktivitaeten-weltweit\/\">mapa do mundo<\/a><\/li>\n<li>Tamanho do terreno de aproximadamente 2.500 m\u00b2 a 9.000 m\u00b2<\/li>\n<li>Com\/sem resqu\u00edcios de constru\u00e7\u00e3o antiga &#8211; aluguel e comodato<\/li>\n<li>A partir de 4.000 m\u00b2 de \u00e1rea total<\/li>\n<li>Lei de constru\u00e7\u00e3o para lares de idosos<\/li>\n<li>\u00c1rea residencial central em \u00e1reas residenciais densamente povoadas<\/li>\n<\/ul>\n","protected":false},"excerpt":{"rendered":"<p>Requisitos: Locais \u2013 Nos pa\u00edses marcados no mapa do mundo Tamanho do terreno de aproximadamente 2.500 m\u00b2 a 9.000 m\u00b2 Com\/sem resqu\u00edcios de constru\u00e7\u00e3o antiga &#8211; aluguel e comodato A partir de 4.000 m\u00b2 de \u00e1rea total Lei de constru\u00e7\u00e3o para lares de idosos \u00c1rea residencial central em \u00e1reas residenciais densamente povoadas<\/p>\n","protected":false},"author":1,"featured_media":0,"parent":11,"menu_order":30,"comment_status":"closed","ping_status":"closed","template":"","meta":{"footnotes":""},"class_list":["post-78","page","type-page","status-publish","hentry"],"translation":{"provider":"WPGlobus","version":"3.0.2","language":"pt","enabled_languages":["de","en","es","pt"],"languages":{"de":{"title":true,"content":true,"excerpt":false},"en":{"title":true,"content":true,"excerpt":false},"es":{"title":true,"content":true,"excerpt":false},"pt":{"title":true,"content":true,"excerpt":false}}},"_links":{"self":[{"href":"https:\/\/www.kia-holding.com\/pt\/wp-json\/wp\/v2\/pages\/78","targetHints":{"allow":["GET"]}}],"collection":[{"href":"https:\/\/www.kia-holding.com\/pt\/wp-json\/wp\/v2\/pages"}],"about":[{"href":"https:\/\/www.kia-holding.com\/pt\/wp-json\/wp\/v2\/types\/page"}],"author":[{"embeddable":true,"href":"https:\/\/www.kia-holding.com\/pt\/wp-json\/wp\/v2\/users\/1"}],"replies":[{"embeddable":true,"href":"https:\/\/www.kia-holding.com\/pt\/wp-json\/wp\/v2\/comments?post=78"}],"version-history":[{"count":8,"href":"https:\/\/www.kia-holding.com\/pt\/wp-json\/wp\/v2\/pages\/78\/revisions"}],"predecessor-version":[{"id":260,"href":"https:\/\/www.kia-holding.com\/pt\/wp-json\/wp\/v2\/pages\/78\/revisions\/260"}],"up":[{"embeddable":true,"href":"https:\/\/www.kia-holding.com\/pt\/wp-json\/wp\/v2\/pages\/11"}],"wp:attachment":[{"href":"https:\/\/www.kia-holding.com\/pt\/wp-json\/wp\/v2\/media?parent=78"}],"curies":[{"name":"wp","href":"https:\/\/api.w.org\/{rel}","templated":true}]}}