{"id":76,"date":"2018-07-31T11:30:05","date_gmt":"2018-07-31T09:30:05","guid":{"rendered":"https:\/\/www.kia-holding.com\/?page_id=76"},"modified":"2018-10-25T11:41:45","modified_gmt":"2018-10-25T09:41:45","slug":"einzelhandelsimmobilien","status":"publish","type":"page","link":"https:\/\/www.kia-holding.com\/pt\/aktivitaeten-weltweit\/einzelhandelsimmobilien\/","title":{"rendered":"Im\u00f3veis de varejo"},"content":{"rendered":"<p><strong>Requisitos:<br \/>\n<\/strong><\/p>\n<ul>\n<li>Locais \u2013 Nos pa\u00edses marcados no <a href=\"https:\/\/www.kia-holding.com\/pt\/aktivitaeten-weltweit\/\">mapa do mundo<\/a><\/li>\n<li>Terrenos a partir de 5.000 m\u00b2; terrenos no centro da cidade tamb\u00e9m menores<\/li>\n<li>Tanto terrenos urbanizados como n\u00e3o urbanizados<\/li>\n<li>Aquisi\u00e7\u00e3o de desenvolvimentos de projetos<\/li>\n<li>Redesenvolvimento de propriedades existentes<\/li>\n<li>Aluguel e comodato<\/li>\n<li>Cidades\/munic\u00edpios a partir de 20.000 habitantes mais \u00e1rea de capta\u00e7\u00e3o<\/li>\n<li>Com e sem lei de planejamento<\/li>\n<li>Boa acessibilidade\/conex\u00e3o aos meios de transporte<\/li>\n<\/ul>\n","protected":false},"excerpt":{"rendered":"<p>Requisitos: Locais \u2013 Nos pa\u00edses marcados no mapa do mundo Terrenos a partir de 5.000 m\u00b2; terrenos no centro da cidade tamb\u00e9m menores Tanto terrenos urbanizados como n\u00e3o urbanizados Aquisi\u00e7\u00e3o de desenvolvimentos de projetos Redesenvolvimento de propriedades existentes Aluguel e comodato Cidades\/munic\u00edpios a partir de 20.000 habitantes mais \u00e1rea de capta\u00e7\u00e3o Com e sem lei de planejamento Boa acessibilidade\/conex\u00e3o aos meios de transporte<\/p>\n","protected":false},"author":1,"featured_media":0,"parent":11,"menu_order":20,"comment_status":"closed","ping_status":"closed","template":"","meta":{"footnotes":""},"class_list":["post-76","page","type-page","status-publish","hentry"],"translation":{"provider":"WPGlobus","version":"3.0.2","language":"pt","enabled_languages":["de","en","es","pt"],"languages":{"de":{"title":true,"content":true,"excerpt":false},"en":{"title":true,"content":true,"excerpt":false},"es":{"title":true,"content":true,"excerpt":false},"pt":{"title":true,"content":true,"excerpt":false}}},"_links":{"self":[{"href":"https:\/\/www.kia-holding.com\/pt\/wp-json\/wp\/v2\/pages\/76","targetHints":{"allow":["GET"]}}],"collection":[{"href":"https:\/\/www.kia-holding.com\/pt\/wp-json\/wp\/v2\/pages"}],"about":[{"href":"https:\/\/www.kia-holding.com\/pt\/wp-json\/wp\/v2\/types\/page"}],"author":[{"embeddable":true,"href":"https:\/\/www.kia-holding.com\/pt\/wp-json\/wp\/v2\/users\/1"}],"replies":[{"embeddable":true,"href":"https:\/\/www.kia-holding.com\/pt\/wp-json\/wp\/v2\/comments?post=76"}],"version-history":[{"count":8,"href":"https:\/\/www.kia-holding.com\/pt\/wp-json\/wp\/v2\/pages\/76\/revisions"}],"predecessor-version":[{"id":259,"href":"https:\/\/www.kia-holding.com\/pt\/wp-json\/wp\/v2\/pages\/76\/revisions\/259"}],"up":[{"embeddable":true,"href":"https:\/\/www.kia-holding.com\/pt\/wp-json\/wp\/v2\/pages\/11"}],"wp:attachment":[{"href":"https:\/\/www.kia-holding.com\/pt\/wp-json\/wp\/v2\/media?parent=76"}],"curies":[{"name":"wp","href":"https:\/\/api.w.org\/{rel}","templated":true}]}}