{"id":73,"date":"2018-07-31T11:28:00","date_gmt":"2018-07-31T09:28:00","guid":{"rendered":"https:\/\/www.kia-holding.com\/?page_id=73"},"modified":"2018-10-25T11:39:35","modified_gmt":"2018-10-25T09:39:35","slug":"gesundheitsimmobilien","status":"publish","type":"page","link":"https:\/\/www.kia-holding.com\/pt\/aktivitaeten-weltweit\/gesundheitsimmobilien\/","title":{"rendered":"Im\u00f3veis da \u00e1rea de sa\u00fade"},"content":{"rendered":"<p><strong>Requisitos:<br \/>\n<\/strong><\/p>\n<ul>\n<li>Locais: nos pa\u00edses marcados no <a href=\"https:\/\/www.kia-holding.com\/pt\/aktivitaeten-weltweit\/\">mapa<\/a><\/li>\n<li>Hospitais, cl\u00ednicas especializadas, cl\u00ednicas de reabilita\u00e7\u00e3o (tamb\u00e9m durante a execu\u00e7\u00e3o ou per\u00edodo de vac\u00e2ncia)<\/li>\n<li>Sem limite de tamanho<\/li>\n<li>Centros m\u00e9dicos, sanat\u00f3rios, edif\u00edcios residenciais supervisionados<\/li>\n<li>Tamanho: a partir de 1.000 m\u00b2 de \u00e1rea arrend\u00e1vel<\/li>\n<li>Com\/sem resqu\u00edcios de constru\u00e7\u00e3o antiga<\/li>\n<\/ul>\n","protected":false},"excerpt":{"rendered":"<p>Requisitos: Locais: nos pa\u00edses marcados no mapa Hospitais, cl\u00ednicas especializadas, cl\u00ednicas de reabilita\u00e7\u00e3o (tamb\u00e9m durante a execu\u00e7\u00e3o ou per\u00edodo de vac\u00e2ncia) Sem limite de tamanho Centros m\u00e9dicos, sanat\u00f3rios, edif\u00edcios residenciais supervisionados Tamanho: a partir de 1.000 m\u00b2 de \u00e1rea arrend\u00e1vel Com\/sem resqu\u00edcios de constru\u00e7\u00e3o antiga<\/p>\n","protected":false},"author":1,"featured_media":0,"parent":11,"menu_order":10,"comment_status":"closed","ping_status":"closed","template":"","meta":{"footnotes":""},"class_list":["post-73","page","type-page","status-publish","hentry"],"translation":{"provider":"WPGlobus","version":"3.0.2","language":"pt","enabled_languages":["de","en","es","pt"],"languages":{"de":{"title":true,"content":true,"excerpt":false},"en":{"title":true,"content":true,"excerpt":false},"es":{"title":true,"content":true,"excerpt":false},"pt":{"title":true,"content":true,"excerpt":false}}},"_links":{"self":[{"href":"https:\/\/www.kia-holding.com\/pt\/wp-json\/wp\/v2\/pages\/73","targetHints":{"allow":["GET"]}}],"collection":[{"href":"https:\/\/www.kia-holding.com\/pt\/wp-json\/wp\/v2\/pages"}],"about":[{"href":"https:\/\/www.kia-holding.com\/pt\/wp-json\/wp\/v2\/types\/page"}],"author":[{"embeddable":true,"href":"https:\/\/www.kia-holding.com\/pt\/wp-json\/wp\/v2\/users\/1"}],"replies":[{"embeddable":true,"href":"https:\/\/www.kia-holding.com\/pt\/wp-json\/wp\/v2\/comments?post=73"}],"version-history":[{"count":10,"href":"https:\/\/www.kia-holding.com\/pt\/wp-json\/wp\/v2\/pages\/73\/revisions"}],"predecessor-version":[{"id":258,"href":"https:\/\/www.kia-holding.com\/pt\/wp-json\/wp\/v2\/pages\/73\/revisions\/258"}],"up":[{"embeddable":true,"href":"https:\/\/www.kia-holding.com\/pt\/wp-json\/wp\/v2\/pages\/11"}],"wp:attachment":[{"href":"https:\/\/www.kia-holding.com\/pt\/wp-json\/wp\/v2\/media?parent=73"}],"curies":[{"name":"wp","href":"https:\/\/api.w.org\/{rel}","templated":true}]}}