{"id":50,"date":"2018-07-31T10:35:22","date_gmt":"2018-07-31T08:35:22","guid":{"rendered":"https:\/\/www.kia-holding.com\/?page_id=50"},"modified":"2019-09-16T13:07:17","modified_gmt":"2019-09-16T11:07:17","slug":"home","status":"publish","type":"page","link":"https:\/\/www.kia-holding.com\/pt\/","title":{"rendered":"In\u00edcio"},"content":{"rendered":"<h3><strong>Desenvolvimentos de projetos e colabora\u00e7\u00f5es bem-sucedidas em todo o mundo<\/strong><\/h3>\n<p><img loading=\"lazy\" decoding=\"async\" class=\"alignnone wp-image-61 size-full\" src=\"https:\/\/www.kia-holding.com\/wp-content\/uploads\/2018\/07\/kia_holding_haus.jpg\" alt=\"K.I.A. Holding GmbH\" width=\"1280\" height=\"573\" srcset=\"https:\/\/www.kia-holding.com\/wp-content\/uploads\/2018\/07\/kia_holding_haus.jpg 1280w, https:\/\/www.kia-holding.com\/wp-content\/uploads\/2018\/07\/kia_holding_haus-300x134.jpg 300w, https:\/\/www.kia-holding.com\/wp-content\/uploads\/2018\/07\/kia_holding_haus-768x344.jpg 768w\" sizes=\"auto, (max-width: 1280px) 100vw, 1280px\" \/><\/p>\n<h1>Seja bem-vindo!<\/h1>\n<h2>Ficamos felizes com sua visita \u00e0 p\u00e1gina inicial da K.I.A. Holding.<\/h2>\n<p>Conhe\u00e7a nossa empresa e informe-se sobre nossos servi\u00e7os.<\/p>\n<p>A K.I.A. Holding assume o desenvolvimento do projeto de forma global desde a ideia inicial at\u00e9 a execu\u00e7\u00e3o. A gest\u00e3o da K.I.A. Holding tem mais de 30 anos de experi\u00eancia neste campo. Durante este per\u00edodo, o nosso conceito de um desenvolvimento abrangente de projetos foi comprovado n\u00e3o apenas em shoppings, estabelecimentos comerciais e hoteis, mas tamb\u00e9m em hospitais, cl\u00ednicas especializadas, grandes laborat\u00f3rios e consult\u00f3rios que foram concebidos, planejados, realizados, alugados, operados e comercializados por n\u00f3s.<\/p>\n<p>Como holding, realizamos as fun\u00e7\u00f5es de um complexo centro de controle. Uma equipe de especialistas das \u00e1reas de medicina, tecnologia m\u00e9dica, administra\u00e7\u00e3o de empresas, com\u00e9rcio, hotelaria, planejamento urbano, constru\u00e7\u00e3o e direito trabalha de m\u00e3os dadas para o sucesso comum. Essa combina\u00e7\u00e3o de compet\u00eancia profissional e muitos anos de experi\u00eancia nos torna um parceiro confi\u00e1vel para todos os participantes do projeto.<\/p>\n<p>O desenvolvimento ou revitaliza\u00e7\u00e3o dos nossos projetos, juntamente com os operadores, \u00e9 adaptado precisamente \u00e0 respectiva situa\u00e7\u00e3o local, a fim de atingir o m\u00e1ximo valor a partir do potencial dispon\u00edvel. Isso cria as condi\u00e7\u00f5es ideais para o sucesso a longo prazo e para uma rentabilidade sustent\u00e1vel. Por fim, nossa ampla gama de servi\u00e7os, que engloba desenvolvimento, planejamento, constru\u00e7\u00e3o, gerenciamento, manuten\u00e7\u00e3o e treinamento, atende a essa finalidade, com a qual garantimos a execu\u00e7\u00e3o ideal dos projetos que desenvolvemos.<\/p>\n","protected":false},"excerpt":{"rendered":"<p>Desenvolvimentos de projetos e colabora\u00e7\u00f5es bem-sucedidas em todo o mundo Seja bem-vindo! Ficamos felizes com sua visita \u00e0 p\u00e1gina inicial da K.I.A. Holding. Conhe\u00e7a nossa empresa e informe-se sobre nossos servi\u00e7os. A K.I.A. Holding assume o desenvolvimento do projeto de forma global desde a ideia inicial at\u00e9 a execu\u00e7\u00e3o. A gest\u00e3o da K.I.A. Holding tem mais de 30 anos de experi\u00eancia neste campo. Durante este per\u00edodo, o nosso conceito de um desenvolvimento abrangente de projetos foi comprovado n\u00e3o apenas em&hellip;<\/p>\n","protected":false},"author":1,"featured_media":0,"parent":0,"menu_order":1,"comment_status":"closed","ping_status":"closed","template":"","meta":{"footnotes":""},"class_list":["post-50","page","type-page","status-publish","hentry"],"translation":{"provider":"WPGlobus","version":"3.0.2","language":"pt","enabled_languages":["de","en","es","pt"],"languages":{"de":{"title":true,"content":true,"excerpt":false},"en":{"title":true,"content":true,"excerpt":false},"es":{"title":true,"content":true,"excerpt":false},"pt":{"title":true,"content":true,"excerpt":false}}},"_links":{"self":[{"href":"https:\/\/www.kia-holding.com\/pt\/wp-json\/wp\/v2\/pages\/50","targetHints":{"allow":["GET"]}}],"collection":[{"href":"https:\/\/www.kia-holding.com\/pt\/wp-json\/wp\/v2\/pages"}],"about":[{"href":"https:\/\/www.kia-holding.com\/pt\/wp-json\/wp\/v2\/types\/page"}],"author":[{"embeddable":true,"href":"https:\/\/www.kia-holding.com\/pt\/wp-json\/wp\/v2\/users\/1"}],"replies":[{"embeddable":true,"href":"https:\/\/www.kia-holding.com\/pt\/wp-json\/wp\/v2\/comments?post=50"}],"version-history":[{"count":17,"href":"https:\/\/www.kia-holding.com\/pt\/wp-json\/wp\/v2\/pages\/50\/revisions"}],"predecessor-version":[{"id":290,"href":"https:\/\/www.kia-holding.com\/pt\/wp-json\/wp\/v2\/pages\/50\/revisions\/290"}],"wp:attachment":[{"href":"https:\/\/www.kia-holding.com\/pt\/wp-json\/wp\/v2\/media?parent=50"}],"curies":[{"name":"wp","href":"https:\/\/api.w.org\/{rel}","templated":true}]}}