{"id":23,"date":"2018-07-31T10:27:19","date_gmt":"2018-07-31T08:27:19","guid":{"rendered":"https:\/\/www.kia-holding.com\/?page_id=23"},"modified":"2018-10-25T12:05:57","modified_gmt":"2018-10-25T10:05:57","slug":"kontakt","status":"publish","type":"page","link":"https:\/\/www.kia-holding.com\/pt\/kontakt\/","title":{"rendered":"Contato"},"content":{"rendered":"<p><img loading=\"lazy\" decoding=\"async\" class=\"alignnone size-full wp-image-61\" src=\"https:\/\/www.kia-holding.com\/wp-content\/uploads\/2018\/07\/kia_holding_haus.jpg\" alt=\"\" width=\"1280\" height=\"573\" srcset=\"https:\/\/www.kia-holding.com\/wp-content\/uploads\/2018\/07\/kia_holding_haus.jpg 1280w, https:\/\/www.kia-holding.com\/wp-content\/uploads\/2018\/07\/kia_holding_haus-300x134.jpg 300w, https:\/\/www.kia-holding.com\/wp-content\/uploads\/2018\/07\/kia_holding_haus-768x344.jpg 768w\" sizes=\"auto, (max-width: 1280px) 100vw, 1280px\" \/><\/p>\n<div class=\"column col3 \">\n<div class=\"subfooter-column\">\n<div id=\"text-3\" class=\"widget widget_text\">\n<h1 class=\"widget-title heading\">K.I.A. Holding GmbH<\/h1>\n<div class=\"textwidget\">\n<p>N\u00f6rdliche M\u00fcnchner Str. 47<br \/>\nD-82031 Gr\u00fcnwald<\/p>\n<p>Tel.: +49 89 230 69 101-0<br \/>\nFax: +49 89 230 69 101-9<\/p>\n<p><a href=\"mailto:info@kia-holding.com\">info@kia-holding.com<\/a><\/p>\n<a href=\"https:\/\/www.google.com\/maps\/place\/N%C3%B6rdliche+M%C3%BCnchner+Str.+47,+82031+Gr%C3%BCnwald\/@48.0573707,11.4784305,12.19z\/data=!4m5!3m4!1s0x479ddc1fc17b1bdb:0xfe9af582fc55798a!8m2!3d48.0568765!4d11.5400094\" class=\"su-button su-button-style-default\" style=\"color:#FFFFFF;background-color:#16113d;border-color:#120e31;border-radius:5px\" target=\"_blank\" rel=\"noopener noreferrer\"><span style=\"color:#FFFFFF;padding:0px 16px;font-size:13px;line-height:26px;border-color:#5c5978;border-radius:5px;text-shadow:none\"> Zum Google Maps Routenplaner<\/span><\/a>\n<\/div>\n<\/div>\n<\/div>\n<\/div>\n","protected":false},"excerpt":{"rendered":"<p>K.I.A. Holding GmbH N\u00f6rdliche M\u00fcnchner Str. 47 D-82031 Gr\u00fcnwald Tel.: +49 89 230 69 101-0 Fax: +49 89 230 69 101-9 info@kia-holding.com<\/p>\n","protected":false},"author":1,"featured_media":0,"parent":0,"menu_order":500,"comment_status":"closed","ping_status":"closed","template":"","meta":{"footnotes":""},"class_list":["post-23","page","type-page","status-publish","hentry"],"translation":{"provider":"WPGlobus","version":"3.0.2","language":"pt","enabled_languages":["de","en","es","pt"],"languages":{"de":{"title":true,"content":true,"excerpt":false},"en":{"title":true,"content":true,"excerpt":false},"es":{"title":true,"content":true,"excerpt":false},"pt":{"title":true,"content":false,"excerpt":false}}},"_links":{"self":[{"href":"https:\/\/www.kia-holding.com\/pt\/wp-json\/wp\/v2\/pages\/23","targetHints":{"allow":["GET"]}}],"collection":[{"href":"https:\/\/www.kia-holding.com\/pt\/wp-json\/wp\/v2\/pages"}],"about":[{"href":"https:\/\/www.kia-holding.com\/pt\/wp-json\/wp\/v2\/types\/page"}],"author":[{"embeddable":true,"href":"https:\/\/www.kia-holding.com\/pt\/wp-json\/wp\/v2\/users\/1"}],"replies":[{"embeddable":true,"href":"https:\/\/www.kia-holding.com\/pt\/wp-json\/wp\/v2\/comments?post=23"}],"version-history":[{"count":7,"href":"https:\/\/www.kia-holding.com\/pt\/wp-json\/wp\/v2\/pages\/23\/revisions"}],"predecessor-version":[{"id":267,"href":"https:\/\/www.kia-holding.com\/pt\/wp-json\/wp\/v2\/pages\/23\/revisions\/267"}],"wp:attachment":[{"href":"https:\/\/www.kia-holding.com\/pt\/wp-json\/wp\/v2\/media?parent=23"}],"curies":[{"name":"wp","href":"https:\/\/api.w.org\/{rel}","templated":true}]}}