{"id":13,"date":"2018-07-31T10:24:45","date_gmt":"2018-07-31T08:24:45","guid":{"rendered":"https:\/\/www.kia-holding.com\/?page_id=13"},"modified":"2018-10-25T12:00:32","modified_gmt":"2018-10-25T10:00:32","slug":"leistungen","status":"publish","type":"page","link":"https:\/\/www.kia-holding.com\/pt\/leistungen\/","title":{"rendered":"Servi\u00e7os"},"content":{"rendered":"<div class=\"su-box su-box-style-default\" id=\"\" style=\"border-color:#bdbdc5;border-radius:3px;max-width:none\"><div class=\"su-box-title\" style=\"background-color:#f0f0f8;color:#16113d;border-top-left-radius:1px;border-top-right-radius:1px\">Desenvolvimento<\/div><div class=\"su-box-content su-u-clearfix su-u-trim\" style=\"border-bottom-left-radius:1px;border-bottom-right-radius:1px\">\n<p>Desenvolvemos conceitos de uso sustent\u00e1vel e sob medida para os setores de sa\u00fade, varejo e hotelaria, tanto para novos edif\u00edcios quanto para propriedades existentes. Nosso objetivo \u00e9 combinar o conceito de efici\u00eancia e economia com a atratividade do edif\u00edcio.<\/p>\n<\/div><\/div>\n<div class=\"su-box su-box-style-default\" id=\"\" style=\"border-color:#bdbdc5;border-radius:3px;max-width:none\"><div class=\"su-box-title\" style=\"background-color:#f0f0f8;color:#16113d;border-top-left-radius:1px;border-top-right-radius:1px\">Planejamento<\/div><div class=\"su-box-content su-u-clearfix su-u-trim\" style=\"border-bottom-left-radius:1px;border-bottom-right-radius:1px\">\n<p>Juntamente com nossos arquitetos e os arquitetos do local, preparamos os servi\u00e7os completos de planejamento, os quais submetemos aos respectivos escrit\u00f3rios para aprova\u00e7\u00e3o. Durante toda a fase de aprova\u00e7\u00e3o, permanecemos como contato de refer\u00eancia. Al\u00e9m disso, na \u00e1rea de constru\u00e7\u00e3o de hospitais, tamb\u00e9m assumimos o planejamento dos acess\u00f3rios internos e dos dispositivos m\u00e9dicos, bem como a coordena\u00e7\u00e3o dos sistemas t\u00e9cnicos dentro dos pr\u00e9dios com nossos especialistas em planejamento.<\/p>\n<\/div><\/div>\n<div class=\"su-box su-box-style-default\" id=\"\" style=\"border-color:#bdbdc5;border-radius:3px;max-width:none\"><div class=\"su-box-title\" style=\"background-color:#f0f0f8;color:#16113d;border-top-left-radius:1px;border-top-right-radius:1px\">Constru\u00e7\u00e3o<\/div><div class=\"su-box-content su-u-clearfix su-u-trim\" style=\"border-bottom-left-radius:1px;border-bottom-right-radius:1px\">\n<p>Em primeiro lugar, assumimos a tarefa de empreiteiro geral, a fim de garantir a qualidade, al\u00e9m de fazer a coordena\u00e7\u00e3o de todo o processo de constru\u00e7\u00e3o. Al\u00e9m das empresas de constru\u00e7\u00e3o no local, trabalhamos em conjunto com f\u00e1bricas licenciadas em todo o mundo, especialmente na constru\u00e7\u00e3o modular, que s\u00e3o constantemente auditadas para a conformidade com nossos padr\u00f5es de qualidade.<\/p>\n<\/div><\/div>\n<div class=\"su-box su-box-style-default\" id=\"\" style=\"border-color:#bdbdc5;border-radius:3px;max-width:none\"><div class=\"su-box-title\" style=\"background-color:#f0f0f8;color:#16113d;border-top-left-radius:1px;border-top-right-radius:1px\">Execu\u00e7\u00e3o<\/div><div class=\"su-box-content su-u-clearfix su-u-trim\" style=\"border-bottom-left-radius:1px;border-bottom-right-radius:1px\">\n<p>Em alguns casos, operamos\/gerenciamos as propriedades que projetamos como parte do gerenciamento provis\u00f3rio ou organizamos nossos respectivos parceiros locais.<\/p>\n<\/div><\/div>\n<div class=\"su-box su-box-style-default\" id=\"\" style=\"border-color:#bdbdc5;border-radius:3px;max-width:none\"><div class=\"su-box-title\" style=\"background-color:#f0f0f8;color:#16113d;border-top-left-radius:1px;border-top-right-radius:1px\">Manuten\u00e7\u00e3o<\/div><div class=\"su-box-content su-u-clearfix su-u-trim\" style=\"border-bottom-left-radius:1px;border-bottom-right-radius:1px\">\n<p>Como parte de um contrato de manuten\u00e7\u00e3o, coordenamos as empresas especializadas no local ou o trabalho de software de computador correspondente nos dispositivos m\u00e9dicos por meio de conex\u00e3o com uma de nossas centrais de dados.<\/p>\n<\/div><\/div>\n<div class=\"su-box su-box-style-default\" id=\"\" style=\"border-color:#bdbdc5;border-radius:3px;max-width:none\"><div class=\"su-box-title\" style=\"background-color:#f0f0f8;color:#16113d;border-top-left-radius:1px;border-top-right-radius:1px\">Treinamento<\/div><div class=\"su-box-content su-u-clearfix su-u-trim\" style=\"border-bottom-left-radius:1px;border-bottom-right-radius:1px\">\n<p>Organizamos o treinamento e a forma\u00e7\u00e3o do pessoal operacional que atua com os equipamentos t\u00e9cnicos, bem como as empresas especializadas, que s\u00e3o designadas para a manuten\u00e7\u00e3o e repara\u00e7\u00e3o dos equipamentos t\u00e9cnicos e da propriedade.<\/p>\n<\/div><\/div>\n","protected":false},"excerpt":{"rendered":"","protected":false},"author":1,"featured_media":0,"parent":0,"menu_order":30,"comment_status":"closed","ping_status":"closed","template":"","meta":{"footnotes":""},"class_list":["post-13","page","type-page","status-publish","hentry"],"translation":{"provider":"WPGlobus","version":"3.0.2","language":"pt","enabled_languages":["de","en","es","pt"],"languages":{"de":{"title":true,"content":true,"excerpt":false},"en":{"title":true,"content":true,"excerpt":false},"es":{"title":true,"content":true,"excerpt":false},"pt":{"title":true,"content":true,"excerpt":false}}},"_links":{"self":[{"href":"https:\/\/www.kia-holding.com\/pt\/wp-json\/wp\/v2\/pages\/13","targetHints":{"allow":["GET"]}}],"collection":[{"href":"https:\/\/www.kia-holding.com\/pt\/wp-json\/wp\/v2\/pages"}],"about":[{"href":"https:\/\/www.kia-holding.com\/pt\/wp-json\/wp\/v2\/types\/page"}],"author":[{"embeddable":true,"href":"https:\/\/www.kia-holding.com\/pt\/wp-json\/wp\/v2\/users\/1"}],"replies":[{"embeddable":true,"href":"https:\/\/www.kia-holding.com\/pt\/wp-json\/wp\/v2\/comments?post=13"}],"version-history":[{"count":7,"href":"https:\/\/www.kia-holding.com\/pt\/wp-json\/wp\/v2\/pages\/13\/revisions"}],"predecessor-version":[{"id":265,"href":"https:\/\/www.kia-holding.com\/pt\/wp-json\/wp\/v2\/pages\/13\/revisions\/265"}],"wp:attachment":[{"href":"https:\/\/www.kia-holding.com\/pt\/wp-json\/wp\/v2\/media?parent=13"}],"curies":[{"name":"wp","href":"https:\/\/api.w.org\/{rel}","templated":true}]}}