{"id":11,"date":"2018-07-31T10:24:27","date_gmt":"2018-07-31T08:24:27","guid":{"rendered":"https:\/\/www.kia-holding.com\/?page_id=11"},"modified":"2018-10-25T11:37:30","modified_gmt":"2018-10-25T09:37:30","slug":"aktivitaeten-weltweit","status":"publish","type":"page","link":"https:\/\/www.kia-holding.com\/pt\/aktivitaeten-weltweit\/","title":{"rendered":"Atividades em todo o mundo"},"content":{"rendered":"<p>N\u00f3s operamos internacionalmente e estamos conectados em uma rede regional. Por meio de nossas equipes regionais, conhecemos os mercados locais e suas caracter\u00edsticas especiais. Tamb\u00e9m estamos presentes localmente para atend\u00ea-lo pessoalmente. Voc\u00ea pode ver no mapa as <a href=\"https:\/\/www.kia-holding.com\/pt\/aktivitaeten-weltweit\/regionen\/\">regi\u00f5es<\/a> em que estamos ativos atualmente.<\/p>\n<p><img loading=\"lazy\" decoding=\"async\" class=\"alignleft size-full wp-image-184\" src=\"https:\/\/www.kia-holding.com\/wp-content\/uploads\/2018\/08\/Weltkarte.jpg\" alt=\"\" width=\"972\" height=\"590\" srcset=\"https:\/\/www.kia-holding.com\/wp-content\/uploads\/2018\/08\/Weltkarte.jpg 972w, https:\/\/www.kia-holding.com\/wp-content\/uploads\/2018\/08\/Weltkarte-300x182.jpg 300w, https:\/\/www.kia-holding.com\/wp-content\/uploads\/2018\/08\/Weltkarte-768x466.jpg 768w\" sizes=\"auto, (max-width: 972px) 100vw, 972px\" \/><\/p>\n<p>Voc\u00ea tem d\u00favidas, desejos ou sugest\u00f5es ou gostaria de nos fazer uma oferta? Ent\u00e3o escreva para n\u00f3s!<\/p>\n<p>Aguardamos sua mensagem.<\/p>\n","protected":false},"excerpt":{"rendered":"<p>N\u00f3s operamos internacionalmente e estamos conectados em uma rede regional. Por meio de nossas equipes regionais, conhecemos os mercados locais e suas caracter\u00edsticas especiais. Tamb\u00e9m estamos presentes localmente para atend\u00ea-lo pessoalmente. Voc\u00ea pode ver no mapa as regi\u00f5es em que estamos ativos atualmente. Voc\u00ea tem d\u00favidas, desejos ou sugest\u00f5es ou gostaria de nos fazer uma oferta? Ent\u00e3o escreva para n\u00f3s! Aguardamos sua mensagem.<\/p>\n","protected":false},"author":1,"featured_media":0,"parent":0,"menu_order":20,"comment_status":"closed","ping_status":"closed","template":"","meta":{"footnotes":""},"class_list":["post-11","page","type-page","status-publish","hentry"],"translation":{"provider":"WPGlobus","version":"3.0.2","language":"pt","enabled_languages":["de","en","es","pt"],"languages":{"de":{"title":true,"content":true,"excerpt":false},"en":{"title":true,"content":true,"excerpt":false},"es":{"title":true,"content":true,"excerpt":false},"pt":{"title":true,"content":true,"excerpt":false}}},"_links":{"self":[{"href":"https:\/\/www.kia-holding.com\/pt\/wp-json\/wp\/v2\/pages\/11","targetHints":{"allow":["GET"]}}],"collection":[{"href":"https:\/\/www.kia-holding.com\/pt\/wp-json\/wp\/v2\/pages"}],"about":[{"href":"https:\/\/www.kia-holding.com\/pt\/wp-json\/wp\/v2\/types\/page"}],"author":[{"embeddable":true,"href":"https:\/\/www.kia-holding.com\/pt\/wp-json\/wp\/v2\/users\/1"}],"replies":[{"embeddable":true,"href":"https:\/\/www.kia-holding.com\/pt\/wp-json\/wp\/v2\/comments?post=11"}],"version-history":[{"count":16,"href":"https:\/\/www.kia-holding.com\/pt\/wp-json\/wp\/v2\/pages\/11\/revisions"}],"predecessor-version":[{"id":257,"href":"https:\/\/www.kia-holding.com\/pt\/wp-json\/wp\/v2\/pages\/11\/revisions\/257"}],"wp:attachment":[{"href":"https:\/\/www.kia-holding.com\/pt\/wp-json\/wp\/v2\/media?parent=11"}],"curies":[{"name":"wp","href":"https:\/\/api.w.org\/{rel}","templated":true}]}}