{"id":9,"date":"2018-07-31T10:23:50","date_gmt":"2018-07-31T08:23:50","guid":{"rendered":"https:\/\/www.kia-holding.com\/?page_id=9"},"modified":"2019-09-16T13:07:52","modified_gmt":"2019-09-16T11:07:52","slug":"ueber-uns","status":"publish","type":"page","link":"https:\/\/www.kia-holding.com\/es\/ueber-uns\/","title":{"rendered":"Acerca de nosotros"},"content":{"rendered":"<p>Llevamos m\u00e1s de 30 a\u00f1os activos en los mercados inmobiliarios y sanitarios. Nos centramos en el desarrollo, la planificaci\u00f3n, la construcci\u00f3n, la operaci\u00f3n y la gesti\u00f3n de:<\/p>\n<div class=\"su-box su-box-style-default\" id=\"\" style=\"border-color:#bdbdc5;border-radius:3px;max-width:none\"><div class=\"su-box-title\" style=\"background-color:#f0f0f8;color:#16113d;border-top-left-radius:1px;border-top-right-radius:1px\">Centros de salud<\/div><div class=\"su-box-content su-u-clearfix su-u-trim\" style=\"border-bottom-left-radius:1px;border-bottom-right-radius:1px\">\n<ul>\n<li>Hospitales<\/li>\n<li>Cl\u00ednicas especializadas en ortopedia, radiolog\u00eda, cardiolog\u00eda, cirug\u00eda, neurolog\u00eda, odontolog\u00eda<\/li>\n<li>Cl\u00ednicas de di\u00e1lisis<\/li>\n<li>Policl\u00ednicas<\/li>\n<li>Grandes laboratorios<\/li>\n<li>Centros m\u00e9dicos y de salud<\/li>\n<li>Centros geri\u00e1tricos<\/li>\n<\/ul>\n<\/div><\/div>\n<div class=\"su-box su-box-style-default\" id=\"\" style=\"border-color:#bdbdc5;border-radius:3px;max-width:none\"><div class=\"su-box-title\" style=\"background-color:#f0f0f8;color:#16113d;border-top-left-radius:1px;border-top-right-radius:1px\">Infraestructura para hospitales y cl\u00ednicas especializadas<\/div><div class=\"su-box-content su-u-clearfix su-u-trim\" style=\"border-bottom-left-radius:1px;border-bottom-right-radius:1px\">\n<ul>\n<li>Equipo de esterilizaci\u00f3n<\/li>\n<li>Sistemas completos para el tratamiento de residuos hospitalarios<\/li>\n<li>Fosas s\u00e9pticas<\/li>\n<li>Pozos profundos<\/li>\n<\/ul>\n<\/div><\/div>\n<div class=\"su-box su-box-style-default\" id=\"\" style=\"border-color:#bdbdc5;border-radius:3px;max-width:none\"><div class=\"su-box-title\" style=\"background-color:#f0f0f8;color:#16113d;border-top-left-radius:1px;border-top-right-radius:1px\">Propiedades inmobiliarias<\/div><div class=\"su-box-content su-u-clearfix su-u-trim\" style=\"border-bottom-left-radius:1px;border-bottom-right-radius:1px\">\n<ul>\n<li>Centros comerciales<\/li>\n<li>Comercios especializados<\/li>\n<li>Hipermercados<\/li>\n<li>Centros de construcci\u00f3n y jardiner\u00eda<\/li>\n<\/ul>\n<\/div><\/div>\n<div class=\"su-box su-box-style-default\" id=\"\" style=\"border-color:#bdbdc5;border-radius:3px;max-width:none\"><div class=\"su-box-title\" style=\"background-color:#f0f0f8;color:#16113d;border-top-left-radius:1px;border-top-right-radius:1px\">Propiedades hoteleras<\/div><div class=\"su-box-content su-u-clearfix su-u-trim\" style=\"border-bottom-left-radius:1px;border-bottom-right-radius:1px\">\n<ul>\n<li>Hoteles<\/li>\n<li>Apartoteles<\/li>\n<li>Hoteles de larga estancia<\/li>\n<li>Apartamentos<\/li>\n<\/ul>\n<\/div><\/div>\n<h2>Siempre a la \u00faltima y siempre para usted<\/h2>\n<p>Creemos en la continuidad y el desarrollo de proyectos orientados al futuro. Junto con nuestros equipos globales, coordinamos los requisitos espec\u00edficos e individuales de los proyectos con los contactos adecuados de forma proactiva y competente. Valoramos especialmente una colaboraci\u00f3n basada en la cooperaci\u00f3n y la confianza.<\/p>\n<p>Utilizamos nuestras conexiones directas presenciales para analizar las posibilidad de realizar cada uno de los proyectos y gracias a nuestro saber hacer y gesti\u00f3n profesional garantizamos que las tareas asignadas se completan puntualmente.<\/p>\n<p>A trav\u00e9s del intercambio continuo de conocimientos y resultados, todas las partes implicadas en el proyecto est\u00e1n informadas en todo momento sobre el proceso de desarrollo. Nuestra interacci\u00f3n con los socios externos tambi\u00e9n se caracteriza por nuestra disposici\u00f3n a debatir asuntos relativos a los proyectos. Para nosotros, la profesionalidad significa tener en mente la responsabilidad del resultado global en cada una de las tareas que realizamos. Un gran est\u00e1ndar que tanto nosotros como nuestros socios debemos cumplir.<\/p>\n<p>Como desarrollador de proyectos con conocimientos locales y buenos contactos en los mercados sudamericanos y centroamericanos, y tambi\u00e9n en algunos mercados africanos y europeos, tambi\u00e9n somos socios de empresas que se est\u00e1n expandiendo o quieren expandirse en esos pa\u00edses.<\/p>\n","protected":false},"excerpt":{"rendered":"<p>Llevamos m\u00e1s de 30 a\u00f1os activos en los mercados inmobiliarios y sanitarios. Nos centramos en el desarrollo, la planificaci\u00f3n, la construcci\u00f3n, la operaci\u00f3n y la gesti\u00f3n de: Siempre a la \u00faltima y siempre para usted Creemos en la continuidad y el desarrollo de proyectos orientados al futuro. Junto con nuestros equipos globales, coordinamos los requisitos espec\u00edficos e individuales de los proyectos con los contactos adecuados de forma proactiva y competente. Valoramos especialmente una colaboraci\u00f3n basada en la cooperaci\u00f3n y la&hellip;<\/p>\n","protected":false},"author":1,"featured_media":0,"parent":0,"menu_order":10,"comment_status":"closed","ping_status":"closed","template":"","meta":{"footnotes":""},"class_list":["post-9","page","type-page","status-publish","hentry"],"translation":{"provider":"WPGlobus","version":"3.0.2","language":"es","enabled_languages":["de","en","es","pt"],"languages":{"de":{"title":true,"content":true,"excerpt":false},"en":{"title":true,"content":true,"excerpt":false},"es":{"title":true,"content":true,"excerpt":false},"pt":{"title":true,"content":true,"excerpt":false}}},"_links":{"self":[{"href":"https:\/\/www.kia-holding.com\/es\/wp-json\/wp\/v2\/pages\/9","targetHints":{"allow":["GET"]}}],"collection":[{"href":"https:\/\/www.kia-holding.com\/es\/wp-json\/wp\/v2\/pages"}],"about":[{"href":"https:\/\/www.kia-holding.com\/es\/wp-json\/wp\/v2\/types\/page"}],"author":[{"embeddable":true,"href":"https:\/\/www.kia-holding.com\/es\/wp-json\/wp\/v2\/users\/1"}],"replies":[{"embeddable":true,"href":"https:\/\/www.kia-holding.com\/es\/wp-json\/wp\/v2\/comments?post=9"}],"version-history":[{"count":13,"href":"https:\/\/www.kia-holding.com\/es\/wp-json\/wp\/v2\/pages\/9\/revisions"}],"predecessor-version":[{"id":291,"href":"https:\/\/www.kia-holding.com\/es\/wp-json\/wp\/v2\/pages\/9\/revisions\/291"}],"wp:attachment":[{"href":"https:\/\/www.kia-holding.com\/es\/wp-json\/wp\/v2\/media?parent=9"}],"curies":[{"name":"wp","href":"https:\/\/api.w.org\/{rel}","templated":true}]}}