{"id":84,"date":"2018-07-31T11:32:01","date_gmt":"2018-07-31T09:32:01","guid":{"rendered":"https:\/\/www.kia-holding.com\/?page_id=84"},"modified":"2018-10-25T11:52:56","modified_gmt":"2018-10-25T09:52:56","slug":"beteiligung-erneuerbare-energien","status":"publish","type":"page","link":"https:\/\/www.kia-holding.com\/es\/aktivitaeten-weltweit\/beteiligung-erneuerbare-energien\/","title":{"rendered":"Participaci\u00f3n en energ\u00edas renovables"},"content":{"rendered":"<p>Participamos en parques e\u00f3licos y solares existentes y de reciente desarrollo, as\u00ed como en centrales hidroel\u00e9ctricas<\/p>\n<p>Geograf\u00eda: en los pa\u00edses marcados en el <a href=\"https:\/\/www.kia-holding.com\/es\/aktivitaeten-weltweit\/\">mapa del mundo<\/a>.<\/p>\n<p><strong>Nivel de desarrollo:<\/strong> ubicaciones existentes o con un desarrollo de proyectos finalizado (listos para construir). Se llevan a cabo contratos de remuneraci\u00f3n por suministro con el estado respectivo o contratos de suministro a largo plazo con empresas con una clasificaci\u00f3n crediticia alta. Vencimientos de un m\u00ednimo de 15 a\u00f1os.<\/p>\n<p>Los siguientes documentos son necesarios para una evaluaci\u00f3n inicial:<\/p>\n<ul>\n<li>Ubicaci\u00f3n del proyecto<\/li>\n<li>Potencia nominal<\/li>\n<li>Rendimiento\/horas de carga m\u00e1xima espec\u00edficos<\/li>\n<li>Desarrollador del proyecto\/contratista<\/li>\n<li>Fabricante de componentes<\/li>\n<li>Conexi\u00f3n de red\/progreso de la construcci\u00f3n<\/li>\n<li>Precio de compra<\/li>\n<li>Rendimiento energ\u00e9tico de acuerdo con la opini\u00f3n de expertos<\/li>\n<li>Remuneraci\u00f3n por suministro<\/li>\n<li>Costes de operaci\u00f3n t\u00e9cnicos<\/li>\n<li>Coste del terreno\/arrendamiento<\/li>\n<li>Oferta de seguro<\/li>\n<li>Propuesta de financiaci\u00f3n<\/li>\n<\/ul>\n","protected":false},"excerpt":{"rendered":"<p>Participamos en parques e\u00f3licos y solares existentes y de reciente desarrollo, as\u00ed como en centrales hidroel\u00e9ctricas Geograf\u00eda: en los pa\u00edses marcados en el mapa del mundo. Nivel de desarrollo: ubicaciones existentes o con un desarrollo de proyectos finalizado (listos para construir). Se llevan a cabo contratos de remuneraci\u00f3n por suministro con el estado respectivo o contratos de suministro a largo plazo con empresas con una clasificaci\u00f3n crediticia alta. Vencimientos de un m\u00ednimo de 15 a\u00f1os. Los siguientes documentos son necesarios&hellip;<\/p>\n","protected":false},"author":1,"featured_media":0,"parent":11,"menu_order":60,"comment_status":"closed","ping_status":"closed","template":"","meta":{"footnotes":""},"class_list":["post-84","page","type-page","status-publish","hentry"],"translation":{"provider":"WPGlobus","version":"3.0.2","language":"es","enabled_languages":["de","en","es","pt"],"languages":{"de":{"title":true,"content":true,"excerpt":false},"en":{"title":true,"content":true,"excerpt":false},"es":{"title":true,"content":true,"excerpt":false},"pt":{"title":true,"content":true,"excerpt":false}}},"_links":{"self":[{"href":"https:\/\/www.kia-holding.com\/es\/wp-json\/wp\/v2\/pages\/84","targetHints":{"allow":["GET"]}}],"collection":[{"href":"https:\/\/www.kia-holding.com\/es\/wp-json\/wp\/v2\/pages"}],"about":[{"href":"https:\/\/www.kia-holding.com\/es\/wp-json\/wp\/v2\/types\/page"}],"author":[{"embeddable":true,"href":"https:\/\/www.kia-holding.com\/es\/wp-json\/wp\/v2\/users\/1"}],"replies":[{"embeddable":true,"href":"https:\/\/www.kia-holding.com\/es\/wp-json\/wp\/v2\/comments?post=84"}],"version-history":[{"count":8,"href":"https:\/\/www.kia-holding.com\/es\/wp-json\/wp\/v2\/pages\/84\/revisions"}],"predecessor-version":[{"id":263,"href":"https:\/\/www.kia-holding.com\/es\/wp-json\/wp\/v2\/pages\/84\/revisions\/263"}],"up":[{"embeddable":true,"href":"https:\/\/www.kia-holding.com\/es\/wp-json\/wp\/v2\/pages\/11"}],"wp:attachment":[{"href":"https:\/\/www.kia-holding.com\/es\/wp-json\/wp\/v2\/media?parent=84"}],"curies":[{"name":"wp","href":"https:\/\/api.w.org\/{rel}","templated":true}]}}