{"id":82,"date":"2018-07-31T11:31:34","date_gmt":"2018-07-31T09:31:34","guid":{"rendered":"https:\/\/www.kia-holding.com\/?page_id=82"},"modified":"2018-10-25T11:46:39","modified_gmt":"2018-10-25T09:46:39","slug":"hotel_serviced_apartment","status":"publish","type":"page","link":"https:\/\/www.kia-holding.com\/es\/aktivitaeten-weltweit\/hotel_serviced_apartment\/","title":{"rendered":"Hoteles y apartamentos"},"content":{"rendered":"<p><strong>Perfil de requisitos:<br \/>\n<\/strong><\/p>\n<ul>\n<li>Ubicaci\u00f3n: en los pa\u00edses marcados en el <a href=\"https:\/\/www.kia-holding.com\/es\/aktivitaeten-weltweit\/\">mapa del mundo<\/a><\/li>\n<li>Hoteles, apartoteles, hoteles de larga estancia, apartamentos<\/li>\n<li>Tama\u00f1o: a partir de 4500 m\u00b2 de superficie bruta<\/li>\n<li>Sin\/con edificios antiguos<\/li>\n<li>Edificios de oficinas aptos para conversi\u00f3n<\/li>\n<\/ul>\n","protected":false},"excerpt":{"rendered":"<p>Perfil de requisitos: Ubicaci\u00f3n: en los pa\u00edses marcados en el mapa del mundo Hoteles, apartoteles, hoteles de larga estancia, apartamentos Tama\u00f1o: a partir de 4500 m\u00b2 de superficie bruta Sin\/con edificios antiguos Edificios de oficinas aptos para conversi\u00f3n<\/p>\n","protected":false},"author":1,"featured_media":0,"parent":11,"menu_order":50,"comment_status":"closed","ping_status":"closed","template":"","meta":{"footnotes":""},"class_list":["post-82","page","type-page","status-publish","hentry"],"translation":{"provider":"WPGlobus","version":"3.0.2","language":"es","enabled_languages":["de","en","es","pt"],"languages":{"de":{"title":true,"content":true,"excerpt":false},"en":{"title":true,"content":true,"excerpt":false},"es":{"title":true,"content":true,"excerpt":false},"pt":{"title":true,"content":true,"excerpt":false}}},"_links":{"self":[{"href":"https:\/\/www.kia-holding.com\/es\/wp-json\/wp\/v2\/pages\/82","targetHints":{"allow":["GET"]}}],"collection":[{"href":"https:\/\/www.kia-holding.com\/es\/wp-json\/wp\/v2\/pages"}],"about":[{"href":"https:\/\/www.kia-holding.com\/es\/wp-json\/wp\/v2\/types\/page"}],"author":[{"embeddable":true,"href":"https:\/\/www.kia-holding.com\/es\/wp-json\/wp\/v2\/users\/1"}],"replies":[{"embeddable":true,"href":"https:\/\/www.kia-holding.com\/es\/wp-json\/wp\/v2\/comments?post=82"}],"version-history":[{"count":9,"href":"https:\/\/www.kia-holding.com\/es\/wp-json\/wp\/v2\/pages\/82\/revisions"}],"predecessor-version":[{"id":261,"href":"https:\/\/www.kia-holding.com\/es\/wp-json\/wp\/v2\/pages\/82\/revisions\/261"}],"up":[{"embeddable":true,"href":"https:\/\/www.kia-holding.com\/es\/wp-json\/wp\/v2\/pages\/11"}],"wp:attachment":[{"href":"https:\/\/www.kia-holding.com\/es\/wp-json\/wp\/v2\/media?parent=82"}],"curies":[{"name":"wp","href":"https:\/\/api.w.org\/{rel}","templated":true}]}}