{"id":80,"date":"2018-07-31T11:31:03","date_gmt":"2018-07-31T09:31:03","guid":{"rendered":"https:\/\/www.kia-holding.com\/?page_id=80"},"modified":"2018-10-25T11:49:51","modified_gmt":"2018-10-25T09:49:51","slug":"beteiligung-gesundheit","status":"publish","type":"page","link":"https:\/\/www.kia-holding.com\/es\/aktivitaeten-weltweit\/beteiligung-gesundheit\/","title":{"rendered":"Salud"},"content":{"rendered":"<p><strong>Geograf\u00eda:<\/strong> empresas con sede en pa\u00edses de habla alemana (regi\u00f3n DACH)<\/p>\n<p><strong>Nivel de desarrollo:<\/strong> productos listos para el mercado, por ejemplo, primeras ventas, prototipos aceptados y clientes de prueba, datos de pruebas cl\u00ednicas disponibles<\/p>\n<p><strong>Potencial de ventas:<\/strong> mercado accesible &gt; 250 millones de euros en todo el mundo, crecimiento &gt; 5 % por a\u00f1o; las ventajas de mercado y del producto permiten un crecimiento r\u00e1pido de las ventas: tama\u00f1o industrial (&gt; 10 millones de euros) viable en cinco a\u00f1os; mercado impulsado por la innovaci\u00f3n con grandes ventajas para clientes potenciales; ya hay demanda por parte de los clientes<\/p>\n<p><strong>Potencial de resultados:<\/strong> rentabilidad alcanzable a corto plazo, idealmente entre dos y tres a\u00f1os<\/p>\n<p><strong>Sector:<\/strong> ciencias de la vida<\/p>\n<ul>\n<li>Tecnolog\u00eda m\u00e9dica<\/li>\n<li>Diagnosis<\/li>\n<li>Biotecnolog\u00eda\/farmac\u00e9utica (sin desarrollo de f\u00e1rmacos)<\/li>\n<li>Tecnolog\u00edas aplicadas<\/li>\n<li>No invertimos en institutos de desarrollo o investigaci\u00f3n<\/li>\n<\/ul>\n<p><strong>Gesti\u00f3n:<\/strong> plantilla excelente en cuanto a productos y tecnolog\u00eda; otras funciones b\u00e1sicas con una ocupaci\u00f3n suficiente o disponible en caso de necesidad<\/p>\n","protected":false},"excerpt":{"rendered":"<p>Geograf\u00eda: empresas con sede en pa\u00edses de habla alemana (regi\u00f3n DACH) Nivel de desarrollo: productos listos para el mercado, por ejemplo, primeras ventas, prototipos aceptados y clientes de prueba, datos de pruebas cl\u00ednicas disponibles Potencial de ventas: mercado accesible &gt; 250 millones de euros en todo el mundo, crecimiento &gt; 5 % por a\u00f1o; las ventajas de mercado y del producto permiten un crecimiento r\u00e1pido de las ventas: tama\u00f1o industrial (&gt; 10 millones de euros) viable en cinco a\u00f1os; mercado&hellip;<\/p>\n","protected":false},"author":1,"featured_media":0,"parent":11,"menu_order":40,"comment_status":"closed","ping_status":"closed","template":"","meta":{"footnotes":""},"class_list":["post-80","page","type-page","status-publish","hentry"],"translation":{"provider":"WPGlobus","version":"3.0.2","language":"es","enabled_languages":["de","en","es","pt"],"languages":{"de":{"title":true,"content":true,"excerpt":false},"en":{"title":true,"content":true,"excerpt":false},"es":{"title":true,"content":true,"excerpt":false},"pt":{"title":true,"content":true,"excerpt":false}}},"_links":{"self":[{"href":"https:\/\/www.kia-holding.com\/es\/wp-json\/wp\/v2\/pages\/80","targetHints":{"allow":["GET"]}}],"collection":[{"href":"https:\/\/www.kia-holding.com\/es\/wp-json\/wp\/v2\/pages"}],"about":[{"href":"https:\/\/www.kia-holding.com\/es\/wp-json\/wp\/v2\/types\/page"}],"author":[{"embeddable":true,"href":"https:\/\/www.kia-holding.com\/es\/wp-json\/wp\/v2\/users\/1"}],"replies":[{"embeddable":true,"href":"https:\/\/www.kia-holding.com\/es\/wp-json\/wp\/v2\/comments?post=80"}],"version-history":[{"count":7,"href":"https:\/\/www.kia-holding.com\/es\/wp-json\/wp\/v2\/pages\/80\/revisions"}],"predecessor-version":[{"id":262,"href":"https:\/\/www.kia-holding.com\/es\/wp-json\/wp\/v2\/pages\/80\/revisions\/262"}],"up":[{"embeddable":true,"href":"https:\/\/www.kia-holding.com\/es\/wp-json\/wp\/v2\/pages\/11"}],"wp:attachment":[{"href":"https:\/\/www.kia-holding.com\/es\/wp-json\/wp\/v2\/media?parent=80"}],"curies":[{"name":"wp","href":"https:\/\/api.w.org\/{rel}","templated":true}]}}