{"id":73,"date":"2018-07-31T11:28:00","date_gmt":"2018-07-31T09:28:00","guid":{"rendered":"https:\/\/www.kia-holding.com\/?page_id=73"},"modified":"2018-10-25T11:39:35","modified_gmt":"2018-10-25T09:39:35","slug":"gesundheitsimmobilien","status":"publish","type":"page","link":"https:\/\/www.kia-holding.com\/es\/aktivitaeten-weltweit\/gesundheitsimmobilien\/","title":{"rendered":"Centros sanitarios"},"content":{"rendered":"<p><strong>Perfil de requisitos:<br \/>\n<\/strong><\/p>\n<ul>\n<li>Ubicaci\u00f3n: en los pa\u00edses marcados en el <a href=\"https:\/\/www.kia-holding.com\/es\/aktivitaeten-weltweit\/\">mapa del mundo<\/a><\/li>\n<li>Hospitales, cl\u00ednicas especializadas, centros de rehabilitaci\u00f3n (en uso o vac\u00edos)<\/li>\n<li>Sin l\u00edmite de tama\u00f1o<\/li>\n<li>Centros m\u00e9dicos, cl\u00ednicas, centros de vida asistida<\/li>\n<li>Tama\u00f1o: a partir de 1000 m\u00b2 para alquilar<\/li>\n<li>Sin\/con edificios antiguos<\/li>\n<\/ul>\n","protected":false},"excerpt":{"rendered":"<p>Perfil de requisitos: Ubicaci\u00f3n: en los pa\u00edses marcados en el mapa del mundo Hospitales, cl\u00ednicas especializadas, centros de rehabilitaci\u00f3n (en uso o vac\u00edos) Sin l\u00edmite de tama\u00f1o Centros m\u00e9dicos, cl\u00ednicas, centros de vida asistida Tama\u00f1o: a partir de 1000 m\u00b2 para alquilar Sin\/con edificios antiguos<\/p>\n","protected":false},"author":1,"featured_media":0,"parent":11,"menu_order":10,"comment_status":"closed","ping_status":"closed","template":"","meta":{"footnotes":""},"class_list":["post-73","page","type-page","status-publish","hentry"],"translation":{"provider":"WPGlobus","version":"3.0.2","language":"es","enabled_languages":["de","en","es","pt"],"languages":{"de":{"title":true,"content":true,"excerpt":false},"en":{"title":true,"content":true,"excerpt":false},"es":{"title":true,"content":true,"excerpt":false},"pt":{"title":true,"content":true,"excerpt":false}}},"_links":{"self":[{"href":"https:\/\/www.kia-holding.com\/es\/wp-json\/wp\/v2\/pages\/73","targetHints":{"allow":["GET"]}}],"collection":[{"href":"https:\/\/www.kia-holding.com\/es\/wp-json\/wp\/v2\/pages"}],"about":[{"href":"https:\/\/www.kia-holding.com\/es\/wp-json\/wp\/v2\/types\/page"}],"author":[{"embeddable":true,"href":"https:\/\/www.kia-holding.com\/es\/wp-json\/wp\/v2\/users\/1"}],"replies":[{"embeddable":true,"href":"https:\/\/www.kia-holding.com\/es\/wp-json\/wp\/v2\/comments?post=73"}],"version-history":[{"count":10,"href":"https:\/\/www.kia-holding.com\/es\/wp-json\/wp\/v2\/pages\/73\/revisions"}],"predecessor-version":[{"id":258,"href":"https:\/\/www.kia-holding.com\/es\/wp-json\/wp\/v2\/pages\/73\/revisions\/258"}],"up":[{"embeddable":true,"href":"https:\/\/www.kia-holding.com\/es\/wp-json\/wp\/v2\/pages\/11"}],"wp:attachment":[{"href":"https:\/\/www.kia-holding.com\/es\/wp-json\/wp\/v2\/media?parent=73"}],"curies":[{"name":"wp","href":"https:\/\/api.w.org\/{rel}","templated":true}]}}