{"id":50,"date":"2018-07-31T10:35:22","date_gmt":"2018-07-31T08:35:22","guid":{"rendered":"https:\/\/www.kia-holding.com\/?page_id=50"},"modified":"2019-09-16T13:07:17","modified_gmt":"2019-09-16T11:07:17","slug":"home","status":"publish","type":"page","link":"https:\/\/www.kia-holding.com\/es\/","title":{"rendered":"HOME"},"content":{"rendered":"<h3><strong>Desarrollos de proyectos e inversiones de \u00e9xito en todo el mundo<\/strong><\/h3>\n<p><img loading=\"lazy\" decoding=\"async\" class=\"alignnone wp-image-61 size-full\" src=\"https:\/\/www.kia-holding.com\/wp-content\/uploads\/2018\/07\/kia_holding_haus.jpg\" alt=\"K.I.A. Holding GmbH\" width=\"1280\" height=\"573\" srcset=\"https:\/\/www.kia-holding.com\/wp-content\/uploads\/2018\/07\/kia_holding_haus.jpg 1280w, https:\/\/www.kia-holding.com\/wp-content\/uploads\/2018\/07\/kia_holding_haus-300x134.jpg 300w, https:\/\/www.kia-holding.com\/wp-content\/uploads\/2018\/07\/kia_holding_haus-768x344.jpg 768w\" sizes=\"auto, (max-width: 1280px) 100vw, 1280px\" \/><\/p>\n<h1>\u00a1Bienvenido!<\/h1>\n<h2>Gracias por visitar el sitio web de K.I.A. Holding GmbH.<\/h2>\n<p>Descubra nuestra empresa e inf\u00f3rmese sobre nuestros servicios.<\/p>\n<p>K.I.A. Holding se encarga del desarrollo integral de proyectos, desde la idea inicial hasta las operaciones. La direcci\u00f3n de K.I.A. Holding tiene m\u00e1s de 30 a\u00f1os de experiencia en este campo. A lo largo de este tiempo, nuestro concepto de un desarrollo integral de proyectos no solo ha quedado demostrado en centros comerciales y propiedades comerciales y hoteleras, sino tambi\u00e9n en hospitales, cl\u00ednicas especializadas, grandes laboratorios y centros de cuidados, todos ellos dise\u00f1ados, planeados, implementados, alquilados, operados y comercializados por nosotros, desde un \u00fanico proveedor.<\/p>\n<p>Como holding, llevamos a cabo las funciones de un centro de control complejo. Un equipo de especialistas de los campos de la medicina, tecnolog\u00eda m\u00e9dica, administraci\u00f3n de empresas, comercio, hosteler\u00eda, urbanismo, construcci\u00f3n y derecho trabajan mano a mano para lograr el \u00e9xito. Esta combinaci\u00f3n de competencias especializadas y a\u00f1os de experiencia nos convierte en un socio de confianza para todas las partes involucradas en los proyectos.<\/p>\n<p>Determinamos el desarrollo o revitalizaci\u00f3n de nuestros proyectos junto con los operadores, en base a la situaci\u00f3n local del momento, para lograr extraer el mayor potencial posible. Esto crea las mejores condiciones para asegurar el \u00e9xito a largo plazo y una rentabilidad sostenible. Tambi\u00e9n contribuye a ello nuestra amplia gama de servicios que cubren el desarrollo, la planificaci\u00f3n, la construcci\u00f3n, la gesti\u00f3n, el mantenimiento y la formaci\u00f3n, con el fin de garantizar el funcionamiento \u00f3ptimo de los proyectos que desarrollamos.<\/p>\n","protected":false},"excerpt":{"rendered":"<p>Desarrollos de proyectos e inversiones de \u00e9xito en todo el mundo \u00a1Bienvenido! Gracias por visitar el sitio web de K.I.A. Holding GmbH. Descubra nuestra empresa e inf\u00f3rmese sobre nuestros servicios. K.I.A. Holding se encarga del desarrollo integral de proyectos, desde la idea inicial hasta las operaciones. La direcci\u00f3n de K.I.A. Holding tiene m\u00e1s de 30 a\u00f1os de experiencia en este campo. A lo largo de este tiempo, nuestro concepto de un desarrollo integral de proyectos no solo ha quedado demostrado&hellip;<\/p>\n","protected":false},"author":1,"featured_media":0,"parent":0,"menu_order":1,"comment_status":"closed","ping_status":"closed","template":"","meta":{"footnotes":""},"class_list":["post-50","page","type-page","status-publish","hentry"],"translation":{"provider":"WPGlobus","version":"3.0.2","language":"es","enabled_languages":["de","en","es","pt"],"languages":{"de":{"title":true,"content":true,"excerpt":false},"en":{"title":true,"content":true,"excerpt":false},"es":{"title":true,"content":true,"excerpt":false},"pt":{"title":true,"content":true,"excerpt":false}}},"_links":{"self":[{"href":"https:\/\/www.kia-holding.com\/es\/wp-json\/wp\/v2\/pages\/50","targetHints":{"allow":["GET"]}}],"collection":[{"href":"https:\/\/www.kia-holding.com\/es\/wp-json\/wp\/v2\/pages"}],"about":[{"href":"https:\/\/www.kia-holding.com\/es\/wp-json\/wp\/v2\/types\/page"}],"author":[{"embeddable":true,"href":"https:\/\/www.kia-holding.com\/es\/wp-json\/wp\/v2\/users\/1"}],"replies":[{"embeddable":true,"href":"https:\/\/www.kia-holding.com\/es\/wp-json\/wp\/v2\/comments?post=50"}],"version-history":[{"count":17,"href":"https:\/\/www.kia-holding.com\/es\/wp-json\/wp\/v2\/pages\/50\/revisions"}],"predecessor-version":[{"id":290,"href":"https:\/\/www.kia-holding.com\/es\/wp-json\/wp\/v2\/pages\/50\/revisions\/290"}],"wp:attachment":[{"href":"https:\/\/www.kia-holding.com\/es\/wp-json\/wp\/v2\/media?parent=50"}],"curies":[{"name":"wp","href":"https:\/\/api.w.org\/{rel}","templated":true}]}}