{"id":15,"date":"2018-07-31T10:25:01","date_gmt":"2018-07-31T08:25:01","guid":{"rendered":"https:\/\/www.kia-holding.com\/?page_id=15"},"modified":"2019-03-01T16:25:31","modified_gmt":"2019-03-01T15:25:31","slug":"medibox","status":"publish","type":"page","link":"https:\/\/www.kia-holding.com\/es\/medibox\/","title":{"rendered":"MediBox"},"content":{"rendered":"<p><img loading=\"lazy\" decoding=\"async\" class=\"alignleft size-full wp-image-282\" src=\"https:\/\/www.kia-holding.com\/wp-content\/uploads\/2019\/02\/Medibox_bild.jpg\" alt=\"\" width=\"448\" height=\"317\" srcset=\"https:\/\/www.kia-holding.com\/wp-content\/uploads\/2019\/02\/Medibox_bild.jpg 448w, https:\/\/www.kia-holding.com\/wp-content\/uploads\/2019\/02\/Medibox_bild-300x212.jpg 300w\" sizes=\"auto, (max-width: 448px) 100vw, 448px\" \/><\/p>\n<p>Como generadores de ideas, dise\u00f1adores y desarrolladores de MediBox, no solo organizamos la creaci\u00f3n de cl\u00ednicas, incluidas las instalaciones exteriores, sino tambi\u00e9n el suministro y la instalaci\u00f3n de dispositivos m\u00e9dicos y toda la decoraci\u00f3n interior, y organizamos la formaci\u00f3n del personal de servicio para utilizar los dispositivos. Adem\u00e1s, ponemos a su disposici\u00f3n empresas locales especializadas en el mantenimiento y reparaci\u00f3n de los equipos m\u00e9dicos y responsables de las instalaciones. Si lo desea, podemos encargarnos del mantenimiento del software inform\u00e1tico a trav\u00e9s de uno de los centros inform\u00e1ticos conectados. De ser necesario, tambi\u00e9n nos podemos encargar de tareas relacionadas con la infraestructura, como la instalaci\u00f3n de un pozo hondo o la creaci\u00f3n de una fosa s\u00e9ptica, as\u00ed como una planta de procesamiento centralizada de residuos hospitalarios, en caso de que las infraestructuras del lugar sean inadecuadas para llevar a cabo la gesti\u00f3n de un hospital o de una cl\u00ednica especializada.<\/p>\n<p>Nuestro director de proyecto supervisa todos los pasos de la construcci\u00f3n, desde la creaci\u00f3n hasta la construcci\u00f3n llave en mano, garantizando de este modo que las empresas constructoras de los m\u00f3dulos bajo nuestra licencia ejecuten las obras de acuerdo con nuestros altos est\u00e1ndares de calidad. Es por este motivo que K.I.A. Holding es un socio atractivo y de confianza para los propietarios de hospitales, cl\u00ednicas especializadas y municipios.<\/p>\n<p>MediBox tambi\u00e9n es ideal para cadenas de cl\u00ednicas que buscan expandirse de forma r\u00e1pida y eficiente en ciertas regiones y pa\u00edses y posicionarse en esas regiones con su oferta de cl\u00ednicas m\u00e9dicas. Podemos asegurarnos de que sus objetos de expansi\u00f3n se cumplan. Desde la adquisici\u00f3n de los terrenos, pasando por la evaluaci\u00f3n de la ubicaci\u00f3n y la obtenci\u00f3n de los derechos de construcci\u00f3n hasta la entrega de la cl\u00ednica completa.<\/p>\n<a class=\"ctsc-button ctsc-button-medium ctsc-button-none  ctsc-animation ctsc-animation-zooming\" href=\"https:\/\/www.kia-holding.com\/wp-content\/uploads\/2019\/02\/Medibox_Folder_spanisch_2017_05.pdf\" style=\" background:#666666;\n\t\t\t\tbackground:-moz-linear-gradient(top, #666666 0%, #444444 100%);\n\t\t\t\tbackground:-webkit-linear-gradient(top, #666666 0%, #444444 100%); \n\t\t\t\tbackground:linear-gradient(to bottom, #666666 0%, #444444 100%);\n\t\t\t\tfilter:progid:DXImageTransform.Microsoft.gradient(startColorstr='#666666', endColorstr='#444444',GradientType=0);\"><span class=\"ctsc-button-content\"><span class=\"ctsc-button-text\">M\u00e1s informaci\u00f3n sobre el Medibox aqu\u00ed.<\/span><span class=\"ctsc-button-description\">Haga clic aqu\u00ed<\/span><\/span><\/a>\n","protected":false},"excerpt":{"rendered":"<p>Como generadores de ideas, dise\u00f1adores y desarrolladores de MediBox, no solo organizamos la creaci\u00f3n de cl\u00ednicas, incluidas las instalaciones exteriores, sino tambi\u00e9n el suministro y la instalaci\u00f3n de dispositivos m\u00e9dicos y toda la decoraci\u00f3n interior, y organizamos la formaci\u00f3n del personal de servicio para utilizar los dispositivos. Adem\u00e1s, ponemos a su disposici\u00f3n empresas locales especializadas en el mantenimiento y reparaci\u00f3n de los equipos m\u00e9dicos y responsables de las instalaciones. Si lo desea, podemos encargarnos del mantenimiento del software inform\u00e1tico a&hellip;<\/p>\n","protected":false},"author":1,"featured_media":0,"parent":0,"menu_order":40,"comment_status":"closed","ping_status":"closed","template":"","meta":{"footnotes":""},"class_list":["post-15","page","type-page","status-publish","hentry"],"translation":{"provider":"WPGlobus","version":"3.0.2","language":"es","enabled_languages":["de","en","es","pt"],"languages":{"de":{"title":true,"content":true,"excerpt":false},"en":{"title":true,"content":true,"excerpt":false},"es":{"title":true,"content":true,"excerpt":false},"pt":{"title":true,"content":true,"excerpt":false}}},"_links":{"self":[{"href":"https:\/\/www.kia-holding.com\/es\/wp-json\/wp\/v2\/pages\/15","targetHints":{"allow":["GET"]}}],"collection":[{"href":"https:\/\/www.kia-holding.com\/es\/wp-json\/wp\/v2\/pages"}],"about":[{"href":"https:\/\/www.kia-holding.com\/es\/wp-json\/wp\/v2\/types\/page"}],"author":[{"embeddable":true,"href":"https:\/\/www.kia-holding.com\/es\/wp-json\/wp\/v2\/users\/1"}],"replies":[{"embeddable":true,"href":"https:\/\/www.kia-holding.com\/es\/wp-json\/wp\/v2\/comments?post=15"}],"version-history":[{"count":15,"href":"https:\/\/www.kia-holding.com\/es\/wp-json\/wp\/v2\/pages\/15\/revisions"}],"predecessor-version":[{"id":286,"href":"https:\/\/www.kia-holding.com\/es\/wp-json\/wp\/v2\/pages\/15\/revisions\/286"}],"wp:attachment":[{"href":"https:\/\/www.kia-holding.com\/es\/wp-json\/wp\/v2\/media?parent=15"}],"curies":[{"name":"wp","href":"https:\/\/api.w.org\/{rel}","templated":true}]}}