{"id":13,"date":"2018-07-31T10:24:45","date_gmt":"2018-07-31T08:24:45","guid":{"rendered":"https:\/\/www.kia-holding.com\/?page_id=13"},"modified":"2018-10-25T12:00:32","modified_gmt":"2018-10-25T10:00:32","slug":"leistungen","status":"publish","type":"page","link":"https:\/\/www.kia-holding.com\/es\/leistungen\/","title":{"rendered":"Servicios"},"content":{"rendered":"<div class=\"su-box su-box-style-default\" id=\"\" style=\"border-color:#bdbdc5;border-radius:3px;max-width:none\"><div class=\"su-box-title\" style=\"background-color:#f0f0f8;color:#16113d;border-top-left-radius:1px;border-top-right-radius:1px\">Desarrollo<\/div><div class=\"su-box-content su-u-clearfix su-u-trim\" style=\"border-bottom-left-radius:1px;border-bottom-right-radius:1px\">\n<p>Desarrollamos conceptos de uso sostenibles y a medida para los sectores sanitario, minorista y hotelero, tanto para edificios nuevos como para propiedades existentes. Nuestro objetivo es combinar un dise\u00f1o econ\u00f3mico y eficiente con el atractivo del edificio.<\/p>\n<\/div><\/div>\n<div class=\"su-box su-box-style-default\" id=\"\" style=\"border-color:#bdbdc5;border-radius:3px;max-width:none\"><div class=\"su-box-title\" style=\"background-color:#f0f0f8;color:#16113d;border-top-left-radius:1px;border-top-right-radius:1px\">Planificaci\u00f3n<\/div><div class=\"su-box-content su-u-clearfix su-u-trim\" style=\"border-bottom-left-radius:1px;border-bottom-right-radius:1px\">\n<p>Nuestros arquitectos y arquitectos locales trabajan juntos para gestionar todos los servicios de planificaci\u00f3n, que deben aprobar las instituciones competentes. Durante la fase de aprobaci\u00f3n, seguiremos siendo su punto de contacto. Adem\u00e1s, en el sector de la construcci\u00f3n de hospitales, tambi\u00e9n asumimos la planificaci\u00f3n del dise\u00f1o interior y los dispositivos m\u00e9dicos, as\u00ed como la coordinaci\u00f3n con el equipo t\u00e9cnico en los edificios con nuestros planificadores profesionales.<\/p>\n<\/div><\/div>\n<div class=\"su-box su-box-style-default\" id=\"\" style=\"border-color:#bdbdc5;border-radius:3px;max-width:none\"><div class=\"su-box-title\" style=\"background-color:#f0f0f8;color:#16113d;border-top-left-radius:1px;border-top-right-radius:1px\">Construcci\u00f3n<\/div><div class=\"su-box-content su-u-clearfix su-u-trim\" style=\"border-bottom-left-radius:1px;border-bottom-right-radius:1px\">\n<p>Asumimos principalmente la tarea de contratista general para garantizar no solo la coordinaci\u00f3n de todo el proceso de construcci\u00f3n, sino tambi\u00e9n del control de calidad. Adem\u00e1s de las empresas de construcci\u00f3n locales, cooperamos, espec\u00edficamente en construcciones modulares, con constructoras de todo el mundo bajo nuestra licencia, a las que sometemos constantemente a revisiones para garantizar nuestros est\u00e1ndares de calidad.<\/p>\n<\/div><\/div>\n<div class=\"su-box su-box-style-default\" id=\"\" style=\"border-color:#bdbdc5;border-radius:3px;max-width:none\"><div class=\"su-box-title\" style=\"background-color:#f0f0f8;color:#16113d;border-top-left-radius:1px;border-top-right-radius:1px\">Operaciones<\/div><div class=\"su-box-content su-u-clearfix su-u-trim\" style=\"border-bottom-left-radius:1px;border-bottom-right-radius:1px\">\n<p>En algunos casos, operamos y gestionamos las propiedades que dise\u00f1amos en el marco de la gesti\u00f3n provisional u organizamos para ello a nuestros socios locales m\u00e1s relevantes.<\/p>\n<\/div><\/div>\n<div class=\"su-box su-box-style-default\" id=\"\" style=\"border-color:#bdbdc5;border-radius:3px;max-width:none\"><div class=\"su-box-title\" style=\"background-color:#f0f0f8;color:#16113d;border-top-left-radius:1px;border-top-right-radius:1px\">Mantenimiento<\/div><div class=\"su-box-content su-u-clearfix su-u-trim\" style=\"border-bottom-left-radius:1px;border-bottom-right-radius:1px\">\n<p>En el marco de un contrato de mantenimiento, coordinamos a las empresas especializadas de forma presencial o los trabajos de software inform\u00e1tico necesarios para los dispositivos m\u00e9dicos a trav\u00e9s de la transmisi\u00f3n remota de datos con uno de nuestros centros inform\u00e1ticos conectados.<\/p>\n<\/div><\/div>\n<div class=\"su-box su-box-style-default\" id=\"\" style=\"border-color:#bdbdc5;border-radius:3px;max-width:none\"><div class=\"su-box-title\" style=\"background-color:#f0f0f8;color:#16113d;border-top-left-radius:1px;border-top-right-radius:1px\">Formaci\u00f3n<\/div><div class=\"su-box-content su-u-clearfix su-u-trim\" style=\"border-bottom-left-radius:1px;border-bottom-right-radius:1px\">\n<p>Organizamos la formaci\u00f3n y la educaci\u00f3n del personal de servicio de los dispositivos t\u00e9cnicos y de las empresas especializadas, que se encargan del mantenimiento y reparaci\u00f3n del equipo t\u00e9cnico y las propiedades.<\/p>\n<\/div><\/div>\n","protected":false},"excerpt":{"rendered":"","protected":false},"author":1,"featured_media":0,"parent":0,"menu_order":30,"comment_status":"closed","ping_status":"closed","template":"","meta":{"footnotes":""},"class_list":["post-13","page","type-page","status-publish","hentry"],"translation":{"provider":"WPGlobus","version":"3.0.2","language":"es","enabled_languages":["de","en","es","pt"],"languages":{"de":{"title":true,"content":true,"excerpt":false},"en":{"title":true,"content":true,"excerpt":false},"es":{"title":true,"content":true,"excerpt":false},"pt":{"title":true,"content":true,"excerpt":false}}},"_links":{"self":[{"href":"https:\/\/www.kia-holding.com\/es\/wp-json\/wp\/v2\/pages\/13","targetHints":{"allow":["GET"]}}],"collection":[{"href":"https:\/\/www.kia-holding.com\/es\/wp-json\/wp\/v2\/pages"}],"about":[{"href":"https:\/\/www.kia-holding.com\/es\/wp-json\/wp\/v2\/types\/page"}],"author":[{"embeddable":true,"href":"https:\/\/www.kia-holding.com\/es\/wp-json\/wp\/v2\/users\/1"}],"replies":[{"embeddable":true,"href":"https:\/\/www.kia-holding.com\/es\/wp-json\/wp\/v2\/comments?post=13"}],"version-history":[{"count":7,"href":"https:\/\/www.kia-holding.com\/es\/wp-json\/wp\/v2\/pages\/13\/revisions"}],"predecessor-version":[{"id":265,"href":"https:\/\/www.kia-holding.com\/es\/wp-json\/wp\/v2\/pages\/13\/revisions\/265"}],"wp:attachment":[{"href":"https:\/\/www.kia-holding.com\/es\/wp-json\/wp\/v2\/media?parent=13"}],"curies":[{"name":"wp","href":"https:\/\/api.w.org\/{rel}","templated":true}]}}