{"id":11,"date":"2018-07-31T10:24:27","date_gmt":"2018-07-31T08:24:27","guid":{"rendered":"https:\/\/www.kia-holding.com\/?page_id=11"},"modified":"2018-10-25T11:37:30","modified_gmt":"2018-10-25T09:37:30","slug":"aktivitaeten-weltweit","status":"publish","type":"page","link":"https:\/\/www.kia-holding.com\/es\/aktivitaeten-weltweit\/","title":{"rendered":"Actividades globales"},"content":{"rendered":"<p>Operamos a nivel internacional con redes regionales. Gracias a nuestros equipos regionales, conocemos los mercados locales y sus caracter\u00edsticas. Estamos a su lado, est\u00e9 donde est\u00e9. En este mapa del mundo, podr\u00e1 ver las <a href=\"https:\/\/www.kia-holding.com\/es\/aktivitaeten-weltweit\/regionen\/\">regiones<\/a> en las que operamos en la actualidad.<\/p>\n<p><img loading=\"lazy\" decoding=\"async\" class=\"alignleft size-full wp-image-184\" src=\"https:\/\/www.kia-holding.com\/wp-content\/uploads\/2018\/08\/Weltkarte.jpg\" alt=\"\" width=\"972\" height=\"590\" srcset=\"https:\/\/www.kia-holding.com\/wp-content\/uploads\/2018\/08\/Weltkarte.jpg 972w, https:\/\/www.kia-holding.com\/wp-content\/uploads\/2018\/08\/Weltkarte-300x182.jpg 300w, https:\/\/www.kia-holding.com\/wp-content\/uploads\/2018\/08\/Weltkarte-768x466.jpg 768w\" sizes=\"auto, (max-width: 972px) 100vw, 972px\" \/><\/p>\n<p>\u00bfQuiere hacernos una oferta? \u00bfTiene preguntas, solicitudes o sugerencias? \u00a1Escr\u00edbanos!<br \/>\nEsperamos recibir su mensaje.<\/p>\n<p>&nbsp;<\/p>\n","protected":false},"excerpt":{"rendered":"<p>Operamos a nivel internacional con redes regionales. Gracias a nuestros equipos regionales, conocemos los mercados locales y sus caracter\u00edsticas. Estamos a su lado, est\u00e9 donde est\u00e9. En este mapa del mundo, podr\u00e1 ver las regiones en las que operamos en la actualidad. \u00bfQuiere hacernos una oferta? \u00bfTiene preguntas, solicitudes o sugerencias? \u00a1Escr\u00edbanos! Esperamos recibir su mensaje. &nbsp;<\/p>\n","protected":false},"author":1,"featured_media":0,"parent":0,"menu_order":20,"comment_status":"closed","ping_status":"closed","template":"","meta":{"footnotes":""},"class_list":["post-11","page","type-page","status-publish","hentry"],"translation":{"provider":"WPGlobus","version":"3.0.2","language":"es","enabled_languages":["de","en","es","pt"],"languages":{"de":{"title":true,"content":true,"excerpt":false},"en":{"title":true,"content":true,"excerpt":false},"es":{"title":true,"content":true,"excerpt":false},"pt":{"title":true,"content":true,"excerpt":false}}},"_links":{"self":[{"href":"https:\/\/www.kia-holding.com\/es\/wp-json\/wp\/v2\/pages\/11","targetHints":{"allow":["GET"]}}],"collection":[{"href":"https:\/\/www.kia-holding.com\/es\/wp-json\/wp\/v2\/pages"}],"about":[{"href":"https:\/\/www.kia-holding.com\/es\/wp-json\/wp\/v2\/types\/page"}],"author":[{"embeddable":true,"href":"https:\/\/www.kia-holding.com\/es\/wp-json\/wp\/v2\/users\/1"}],"replies":[{"embeddable":true,"href":"https:\/\/www.kia-holding.com\/es\/wp-json\/wp\/v2\/comments?post=11"}],"version-history":[{"count":16,"href":"https:\/\/www.kia-holding.com\/es\/wp-json\/wp\/v2\/pages\/11\/revisions"}],"predecessor-version":[{"id":257,"href":"https:\/\/www.kia-holding.com\/es\/wp-json\/wp\/v2\/pages\/11\/revisions\/257"}],"wp:attachment":[{"href":"https:\/\/www.kia-holding.com\/es\/wp-json\/wp\/v2\/media?parent=11"}],"curies":[{"name":"wp","href":"https:\/\/api.w.org\/{rel}","templated":true}]}}