{"id":21,"date":"2018-07-31T10:26:53","date_gmt":"2018-07-31T08:26:53","guid":{"rendered":"https:\/\/www.kia-holding.com\/?page_id=21"},"modified":"2018-08-06T14:22:53","modified_gmt":"2018-08-06T12:22:53","slug":"karriere","status":"publish","type":"page","link":"https:\/\/www.kia-holding.com\/en\/karriere\/","title":{"rendered":"Karriere"},"content":{"rendered":"<h2>Bautechniker\/Bauingenieur (m\/w) als Bauleiter Modulbau<\/h2>\n<p>Wir\u00a0sind Projektentwickler von Krankenh\u00e4usern, Fachkliniken und Gro\u00dflaboren in Systembauweise in den Schwellen- und Entwicklungsl\u00e4ndern. Diese Geb\u00e4ude werden in innovativer Stahlmodulbauweise in den weltweiten Produktionsst\u00e4tten von unseren Lizenznehmern gefertigt.<\/p>\n<p>Zur Verst\u00e4rkung unserer Teams suchen wir <strong>zum n\u00e4chstm\u00f6glichen Eintrittstermin eine\/n<\/strong><\/p>\n<h2>Bautechniker\/Bauingenieur (m\/w) als Bauleiter und f\u00fcr die Qualit\u00e4tssicherung<\/h2>\n<p><strong>IHRE AUFGABEN:<\/strong><\/p>\n<ul>\n<li>Komplettes Aufgabenspektrum der schl\u00fcsselfertigen Modulbauweise<\/li>\n<li>Projektbezogenes Baustellensicherheitsmanagement<\/li>\n<li>F\u00fchren von Bautageb\u00fcchern und Gespr\u00e4chsprotokollen der Bauprojekte<\/li>\n<li>Teilweise Kostenkontrolle von Bauprojekten<\/li>\n<li>Verhandlungen mit Nachunternehmen<\/li>\n<li>Einhaltung der technischen und terminlichen Rahmenbedingungen<\/li>\n<li>Unterst\u00fctzung der Projektleiter bei der Steuerung von Kosten, Terminen und Qualit\u00e4t am Bau<\/li>\n<\/ul>\n<p><strong>IHR PROFIL:<\/strong><\/p>\n<ul>\n<li>Abgeschlossene Berufsausbildung im Bauwesen mit Zusatzqualifikation zum Techniker (m\/w) oder Studium des Bauingenieurwesens<\/li>\n<li>Berufserfahrung in vergleichbarer Position bzw.der schl\u00fcsselfertigen Geb\u00e4udeherstellung<\/li>\n<li><strong>Au\u00dfergew\u00f6hnlich engagierte Jungingenieure (m\/w)<\/strong> mit einem erfolgreich abgeschlossenen Studium sowie anwendbarer Praxiserfahrung (z. B. durch Praktika) <strong>werden auch ber\u00fccksichtigt<\/strong><\/li>\n<li>Erfahrung bez\u00fcglich vertrags- und baurechtlicher Verfahrensabl\u00e4ufe<\/li>\n<li>Verhandlungssicherheit und kostenbewusstes Denken<\/li>\n<li>Neben der englischen Sprache verhandlungssicher in Wort und Schrift auch Spanisch und\/oder Portugiesisch und\/oder Franz\u00f6sisch<\/li>\n<li>Hohe Reisebereitschaft<\/li>\n<\/ul>\n<p><strong>IHRE PERSPEKTIVEN:<\/strong><\/p>\n<ul>\n<li>Umfangreiche und gr\u00fcndliche Einarbeitung<\/li>\n<li>Selbstst\u00e4ndiges Arbeiten in einem vielseitigen und teamorientierten Arbeitsumfeld<\/li>\n<li>Leistungsgerechte Verg\u00fctung<\/li>\n<li>Langfristige und erfolgreiche Zusammenarbeit<\/li>\n<li><strong>Aussicht auf weitere Aufstiegsm\u00f6glichkeiten<\/strong><\/li>\n<\/ul>\n<p><strong>Interesse?<\/strong> Dann senden Sie uns bitte Ihre ausf\u00fchrlichen Bewerbungsunterlagen bevorzugt per E-Mail an info@kia-holding.com. Geben Sie uns bitte immer Ihre E-Mail-Adresse, Ihre Gehaltsvorstellung und Ihren Eintrittstermin an; Sie helfen uns damit, Ihre Bewerbung z\u00fcgig und durchg\u00e4ngig zu bearbeiten. Absolute Vertraulichkeit ist garantiert; Sperrvermerke werden beachtet.<\/p>\n<p><strong>Auch wenn Sie dem Stellen- bzw. Qualifikationsprofil noch nicht in vollem Umfang entsprechen, freuen wir uns dennoch \u00fcber Ihre Bewerbung. Nehmen Sie die Herausforderung an!<\/strong><\/p>\n","protected":false},"excerpt":{"rendered":"<p>Bautechniker\/Bauingenieur (m\/w) als Bauleiter Modulbau Wir\u00a0sind Projektentwickler von Krankenh\u00e4usern, Fachkliniken und Gro\u00dflaboren in Systembauweise in den Schwellen- und Entwicklungsl\u00e4ndern. Diese Geb\u00e4ude werden in innovativer Stahlmodulbauweise in den weltweiten Produktionsst\u00e4tten von unseren Lizenznehmern gefertigt. Zur Verst\u00e4rkung unserer Teams suchen wir zum n\u00e4chstm\u00f6glichen Eintrittstermin eine\/n Bautechniker\/Bauingenieur (m\/w) als Bauleiter und f\u00fcr die Qualit\u00e4tssicherung IHRE AUFGABEN: Komplettes Aufgabenspektrum der schl\u00fcsselfertigen Modulbauweise Projektbezogenes Baustellensicherheitsmanagement F\u00fchren von Bautageb\u00fcchern und Gespr\u00e4chsprotokollen der Bauprojekte Teilweise Kostenkontrolle von Bauprojekten Verhandlungen mit Nachunternehmen Einhaltung der technischen und terminlichen Rahmenbedingungen&hellip;<\/p>\n","protected":false},"author":1,"featured_media":0,"parent":0,"menu_order":70,"comment_status":"closed","ping_status":"closed","template":"","meta":{"footnotes":""},"class_list":["post-21","page","type-page","status-publish","hentry"],"translation":{"provider":"WPGlobus","version":"3.0.2","language":"en","enabled_languages":["de","en","es","pt"],"languages":{"de":{"title":true,"content":true,"excerpt":false},"en":{"title":false,"content":false,"excerpt":false},"es":{"title":false,"content":false,"excerpt":false},"pt":{"title":false,"content":false,"excerpt":false}}},"_links":{"self":[{"href":"https:\/\/www.kia-holding.com\/en\/wp-json\/wp\/v2\/pages\/21","targetHints":{"allow":["GET"]}}],"collection":[{"href":"https:\/\/www.kia-holding.com\/en\/wp-json\/wp\/v2\/pages"}],"about":[{"href":"https:\/\/www.kia-holding.com\/en\/wp-json\/wp\/v2\/types\/page"}],"author":[{"embeddable":true,"href":"https:\/\/www.kia-holding.com\/en\/wp-json\/wp\/v2\/users\/1"}],"replies":[{"embeddable":true,"href":"https:\/\/www.kia-holding.com\/en\/wp-json\/wp\/v2\/comments?post=21"}],"version-history":[{"count":4,"href":"https:\/\/www.kia-holding.com\/en\/wp-json\/wp\/v2\/pages\/21\/revisions"}],"predecessor-version":[{"id":191,"href":"https:\/\/www.kia-holding.com\/en\/wp-json\/wp\/v2\/pages\/21\/revisions\/191"}],"wp:attachment":[{"href":"https:\/\/www.kia-holding.com\/en\/wp-json\/wp\/v2\/media?parent=21"}],"curies":[{"name":"wp","href":"https:\/\/api.w.org\/{rel}","templated":true}]}}